{"id":2339,"date":"2023-09-27T16:09:31","date_gmt":"2023-09-27T20:09:31","guid":{"rendered":"https:\/\/miamitreetoptrekking.com\/contacto\/"},"modified":"2026-03-26T12:26:08","modified_gmt":"2026-03-26T16:26:08","slug":"contacto","status":"publish","type":"page","link":"https:\/\/miamitreetoptrekking.com\/es\/contacto\/","title":{"rendered":"Contacto"},"content":{"rendered":"<style>.kb-row-layout-id2339_98ec7a-70 > .kt-row-column-wrap{align-content:center;}:where(.kb-row-layout-id2339_98ec7a-70 > .kt-row-column-wrap) > .wp-block-kadence-column{justify-content:center;}.kb-row-layout-id2339_98ec7a-70 > .kt-row-column-wrap{column-gap:var(--global-kb-gap-md, 2rem);row-gap:var(--global-kb-gap-md, 2rem);min-height:100vh;grid-template-columns:minmax(0, 1fr);}.kb-row-layout-id2339_98ec7a-70 > .kt-row-layout-overlay{opacity:0.30;}@media all and (max-width: 1024px){.kb-row-layout-id2339_98ec7a-70 > .kt-row-column-wrap{grid-template-columns:minmax(0, 1fr);}}@media all and (max-width: 767px){.kb-row-layout-id2339_98ec7a-70 > .kt-row-column-wrap{min-height:90vh;grid-template-columns:minmax(0, 1fr);}}<\/style><div class=\"kb-row-layout-wrap kb-row-layout-id2339_98ec7a-70 alignnone wp-block-kadence-rowlayout\"><div class=\"kb-blocks-bg-video-container\"><video class=\"kb-blocks-bg-video\" id=\"bg-row-video-2339_98ec7a-70\" playsinline muted loop src=\"https:\/\/miamitreetoptrekking.com\/wp-content\/uploads\/2023\/10\/jungle-island-treetop-trekking-miami-1.mp4\" autoplay><\/video><\/div><div class=\"kt-row-column-wrap kt-has-1-columns kt-row-layout-equal kt-tab-layout-inherit kt-mobile-layout-row kt-row-valign-middle kt-inner-column-height-full\">\n<style>.kadence-column2339_831712-7e > .kt-inside-inner-col,.kadence-column2339_831712-7e > .kt-inside-inner-col:before{border-top-left-radius:0px;border-top-right-radius:0px;border-bottom-right-radius:0px;border-bottom-left-radius:0px;}.kadence-column2339_831712-7e > .kt-inside-inner-col{column-gap:var(--global-kb-gap-sm, 1rem);}.kadence-column2339_831712-7e > .kt-inside-inner-col{flex-direction:column;}.kadence-column2339_831712-7e > .kt-inside-inner-col > .aligncenter{width:100%;}.kadence-column2339_831712-7e > .kt-inside-inner-col:before{opacity:0.3;}.kadence-column2339_831712-7e{position:relative;}@media all and (max-width: 1024px){.kadence-column2339_831712-7e > .kt-inside-inner-col{flex-direction:column;justify-content:center;}}@media all and (max-width: 767px){.kadence-column2339_831712-7e > .kt-inside-inner-col{flex-direction:column;justify-content:center;}}<\/style>\n<div class=\"wp-block-kadence-column kadence-column2339_831712-7e\"><div class=\"kt-inside-inner-col\"><style>.wp-block-kadence-advancedheading.kt-adv-heading2339_1fbf96-71, .wp-block-kadence-advancedheading.kt-adv-heading2339_1fbf96-71[data-kb-block=\"kb-adv-heading2339_1fbf96-71\"]{text-align:center;font-style:normal;}.wp-block-kadence-advancedheading.kt-adv-heading2339_1fbf96-71 mark.kt-highlight, .wp-block-kadence-advancedheading.kt-adv-heading2339_1fbf96-71[data-kb-block=\"kb-adv-heading2339_1fbf96-71\"] mark.kt-highlight{font-style:normal;color:#f76a0c;-webkit-box-decoration-break:clone;box-decoration-break:clone;padding-top:0px;padding-right:0px;padding-bottom:0px;padding-left:0px;}.wp-block-kadence-advancedheading.kt-adv-heading2339_1fbf96-71 img.kb-inline-image, .wp-block-kadence-advancedheading.kt-adv-heading2339_1fbf96-71[data-kb-block=\"kb-adv-heading2339_1fbf96-71\"] img.kb-inline-image{width:150px;vertical-align:baseline;}<\/style>\n<h1 class=\"kt-adv-heading2339_1fbf96-71 wp-block-kadence-advancedheading has-theme-palette-8-color has-text-color\" data-kb-block=\"kb-adv-heading2339_1fbf96-71\">CONTACTO<\/h1>\n<\/div><\/div>\n\n<\/div><\/div>\n\n<style>.kb-row-layout-wrap.wp-block-kadence-rowlayout.kb-row-layout-id2339_a249f1-44{margin-top:0px;margin-bottom:0px;}.kb-row-layout-id2339_a249f1-44 > .kt-row-column-wrap{align-content:start;}:where(.kb-row-layout-id2339_a249f1-44 > .kt-row-column-wrap) > .wp-block-kadence-column{justify-content:start;}.kb-row-layout-id2339_a249f1-44 > .kt-row-column-wrap{column-gap:var(--global-kb-gap-md, 2rem);row-gap:var(--global-kb-gap-md, 2rem);max-width:var( --global-content-width, 1800px );padding-left:var(--global-content-edge-padding);padding-right:var(--global-content-edge-padding);padding-top:6%;padding-right:0%;padding-bottom:8%;padding-left:0%;grid-template-columns:repeat(2, minmax(0, 1fr));}.kb-row-layout-id2339_a249f1-44 > .kt-row-layout-overlay{opacity:0.30;}@media all and (max-width: 1024px){.kb-row-layout-id2339_a249f1-44 > .kt-row-column-wrap{grid-template-columns:minmax(0, 1fr);}}@media all and (max-width: 767px){.kb-row-layout-id2339_a249f1-44 > .kt-row-column-wrap{padding-top:12%;grid-template-columns:minmax(0, 1fr);}}.kb-row-layout-id2339_a249f1-44 input::placeholder, .kb-row-layout-id2339_a249f1-44 textarea::placeholder {  text-transform:uppercase;  opacity:1;  color: var(--global-palette1)!important;}.kb-row-layout-id2339_a249f1-44 input, .kb-row-layout-id2339_a249f1-44 textarea {  text-transform:none;  opacity:1;  color: var(--global-palette1)!important;}input.kadence-blocks-field.verify {opacity:0!important;}.kb-form .kadence-blocks-form-field .kb-text-style-field {  padding: 10px 0px!important;}.kb-row-layout-id2339_a249f1-44 .kb-submit-field  {  text-align:end;  justify-content:end;}.kb-row-layout-id2339_a249f1-44 .kadence-blocks-form-message {  margin-top:50px!important;}.kb-row-layout-id2339_a249f1-44 {}.kb-row-layout-id2339_a249f1-44 .kt-svg-icon-fa_facebook-f > svg {    width: 9px;}.kb-row-layout-id2339_a249f1-44 .kt-svg-icon-fa_facebook-f {    padding:6px 9px!important;}@media (min-width:1925px){.kb-row-layout-id2339_a249f1-44 .wp-block-kadence-icon {    display: grid;    position: absolute;    left: -6%;    top: 23%;}}@media (min-width:768px) and (max-width:1925px){.kb-row-layout-id2339_a249f1-44 .wp-block-kadence-icon {    display: grid;    position: absolute;    left: -10%;    top: 23%;}}@media (max-width:768px){.kb-row-layout-id2339_a249f1-44 .kt-svg-item-0 {  margin-right:10px!important;  margin-bottom:0px!important;}.kb-row-layout-id2339_a249f1-44 .kb-svg-icon-wrap {    margin-bottom: 0px;    margin-right: 15px;}}@media (min-width:1025px) and (max-width:1300px) {  .kb-row-layout-id2339_a249f1-44 h1 {    font-size:140px;}}<\/style><div class=\"kb-row-layout-wrap kb-row-layout-id2339_a249f1-44 alignnone resp wp-block-kadence-rowlayout\" id=\"contact\"><div class=\"kt-row-column-wrap kt-has-2-columns kt-row-layout-equal kt-tab-layout-row kt-mobile-layout-row kt-row-valign-top kb-theme-content-width\">\n<style>.kadence-column2339_79181c-62 > .kt-inside-inner-col,.kadence-column2339_79181c-62 > .kt-inside-inner-col:before{border-top-left-radius:0px;border-top-right-radius:0px;border-bottom-right-radius:0px;border-bottom-left-radius:0px;}.kadence-column2339_79181c-62 > .kt-inside-inner-col{column-gap:var(--global-kb-gap-sm, 1rem);}.kadence-column2339_79181c-62 > .kt-inside-inner-col{flex-direction:column;}.kadence-column2339_79181c-62 > .kt-inside-inner-col > .aligncenter{width:100%;}.kadence-column2339_79181c-62 > .kt-inside-inner-col:before{opacity:0.3;}.kadence-column2339_79181c-62{position:relative;}@media all and (max-width: 1024px){.kadence-column2339_79181c-62 > .kt-inside-inner-col{flex-direction:column;justify-content:center;}}@media all and (max-width: 767px){.kadence-column2339_79181c-62 > .kt-inside-inner-col{flex-direction:column;justify-content:center;}}<\/style>\n<div class=\"wp-block-kadence-column kadence-column2339_79181c-62 inner-column-1\" data-aos=\"fade\" data-aos-duration=\"1500\"><div class=\"kt-inside-inner-col\"><style>.kb-row-layout-id2339_faada1-99 > .kt-row-column-wrap{align-content:start;}:where(.kb-row-layout-id2339_faada1-99 > .kt-row-column-wrap) > .wp-block-kadence-column{justify-content:start;}.kb-row-layout-id2339_faada1-99 > .kt-row-column-wrap{column-gap:var(--global-kb-gap-md, 2rem);row-gap:var(--global-kb-gap-md, 2rem);padding-top:5%;padding-bottom:7%;grid-template-columns:minmax(0, calc(60% - ((var(--global-kb-gap-md, 2rem) * 1 )\/2)))minmax(0, calc(40% - ((var(--global-kb-gap-md, 2rem) * 1 )\/2)));}.kb-row-layout-id2339_faada1-99 > .kt-row-layout-overlay{opacity:0.30;}@media all and (max-width: 1024px){.kb-row-layout-id2339_faada1-99 > .kt-row-column-wrap{grid-template-columns:repeat(2, minmax(0, 1fr));}}@media all and (max-width: 767px){.kb-row-layout-id2339_faada1-99 > .kt-row-column-wrap{padding-bottom:12%;grid-template-columns:minmax(0, 1fr);}}<\/style><div class=\"kb-row-layout-wrap kb-row-layout-id2339_faada1-99 alignnone wp-block-kadence-rowlayout\"><div class=\"kt-row-column-wrap kt-has-2-columns kt-row-layout-equal kt-tab-layout-inherit kt-mobile-layout-row kt-row-valign-top\">\n<style>.kadence-column2339_34b0be-72 > .kt-inside-inner-col,.kadence-column2339_34b0be-72 > .kt-inside-inner-col:before{border-top-left-radius:0px;border-top-right-radius:0px;border-bottom-right-radius:0px;border-bottom-left-radius:0px;}.kadence-column2339_34b0be-72 > .kt-inside-inner-col{column-gap:var(--global-kb-gap-sm, 1rem);}.kadence-column2339_34b0be-72 > .kt-inside-inner-col{flex-direction:column;}.kadence-column2339_34b0be-72 > .kt-inside-inner-col > .aligncenter{width:100%;}.kadence-column2339_34b0be-72 > .kt-inside-inner-col:before{opacity:0.3;}.kadence-column2339_34b0be-72{position:relative;}@media all and (max-width: 1024px){.kadence-column2339_34b0be-72 > .kt-inside-inner-col{flex-direction:column;justify-content:center;}}@media all and (max-width: 767px){.kadence-column2339_34b0be-72 > .kt-inside-inner-col{flex-direction:column;justify-content:center;}}<\/style>\n<div class=\"wp-block-kadence-column kadence-column2339_34b0be-72 inner-column-1\"><div class=\"kt-inside-inner-col\"><style>.wp-block-kadence-advancedheading.kt-adv-heading2339_000133-da, .wp-block-kadence-advancedheading.kt-adv-heading2339_000133-da[data-kb-block=\"kb-adv-heading2339_000133-da\"]{margin-bottom:10px;font-style:normal;}.wp-block-kadence-advancedheading.kt-adv-heading2339_000133-da mark.kt-highlight, .wp-block-kadence-advancedheading.kt-adv-heading2339_000133-da[data-kb-block=\"kb-adv-heading2339_000133-da\"] mark.kt-highlight{font-style:normal;color:#f76a0c;-webkit-box-decoration-break:clone;box-decoration-break:clone;padding-top:0px;padding-right:0px;padding-bottom:0px;padding-left:0px;}.wp-block-kadence-advancedheading.kt-adv-heading2339_000133-da img.kb-inline-image, .wp-block-kadence-advancedheading.kt-adv-heading2339_000133-da[data-kb-block=\"kb-adv-heading2339_000133-da\"] img.kb-inline-image{width:150px;vertical-align:baseline;}<\/style>\n<p class=\"kt-adv-heading2339_000133-da wp-block-kadence-advancedheading has-theme-palette-2-color has-text-color\" data-kb-block=\"kb-adv-heading2339_000133-da\"><strong>Vis\u00edtanos<\/strong><\/p>\n\n\n\n<p><strong>Treetop Trekking Miami<br>at Jungle Island<\/strong><br>1111 Parrot Jungle Trail,<br>Miami FL 33132<\/p>\n\n\n\n<p class=\"has-theme-palette-2-color has-text-color\"><strong>Cont\u00e1ctenos por tel\u00e9fono<\/strong><\/p>\n\n\n\n<p><a href=\"tel:%C3%883212777310\">(321) 277-7310<\/a><\/p>\n\n\n<style>.wp-block-kadence-icon.kt-svg-icons2339_389d29-22{justify-content:flex-start;}<\/style>\n<div class=\"wp-block-kadence-icon kt-svg-icons kt-svg-icons2339_389d29-22 alignnone\"><style>.kt-svg-item-2339_ac0bf8-6c .kb-svg-icon-wrap, .kt-svg-style-stacked.kt-svg-item-2339_ac0bf8-6c .kb-svg-icon-wrap{color:var(--global-palette8, #F7FAFC);font-size:15px;margin-bottom:15px;background:#0074c1;border-width:0px;border-radius:50%;padding-top:6px;padding-right:6px;padding-bottom:6px;padding-left:6px;}.kt-svg-item-2339_ac0bf8-6c:hover .kb-svg-icon-wrap{background:var(--global-palette1, #3182CE);}<\/style>\n<div class=\"wp-block-kadence-single-icon kt-svg-style-stacked kt-svg-icon-wrap kt-svg-item-2339_ac0bf8-6c\"><a href=\"https:\/\/www.facebook.com\/TreetopTrekkingMiami\" class=\"kt-svg-icon-link\" target=\"_blank\" rel=\"noopener noreferrer\"><span class=\"kb-svg-icon-wrap kb-svg-icon-fa_facebook-f\"><svg viewBox=\"0 0 320 512\"  fill=\"currentColor\" xmlns=\"http:\/\/www.w3.org\/2000\/svg\"  aria-hidden=\"true\"><path d=\"M279.14 288l14.22-92.66h-88.91v-60.13c0-25.35 12.42-50.06 52.24-50.06h40.42V6.26S260.43 0 225.36 0c-73.22 0-121.08 44.38-121.08 124.72v70.62H22.89V288h81.39v224h100.17V288z\"\/><\/svg><\/span><\/a><\/div>\n\n\n<style>.kt-svg-item-2339_3a30c7-06 .kb-svg-icon-wrap, .kt-svg-style-stacked.kt-svg-item-2339_3a30c7-06 .kb-svg-icon-wrap{color:var(--global-palette8, #F7FAFC);font-size:15px;background:#0074c1;border-color:var(--global-palette9, #ffffff);border-width:0px;border-radius:50%;padding-top:6px;padding-right:6px;padding-bottom:6px;padding-left:6px;}.kt-svg-item-2339_3a30c7-06:hover .kb-svg-icon-wrap{background:var(--global-palette1, #3182CE);}<\/style>\n<div class=\"wp-block-kadence-single-icon kt-svg-style-stacked kt-svg-icon-wrap kt-svg-item-2339_3a30c7-06\"><a href=\"https:\/\/www.instagram.com\/treetoptrekking_miami\/\" class=\"kt-svg-icon-link\" target=\"_blank\" rel=\"noopener noreferrer\"><span class=\"kb-svg-icon-wrap kb-svg-icon-fe_instagram\"><svg viewBox=\"0 0 24 24\"  fill=\"none\" stroke=\"currentColor\" stroke-width=\"2\" stroke-linecap=\"round\" stroke-linejoin=\"round\" xmlns=\"http:\/\/www.w3.org\/2000\/svg\"  aria-hidden=\"true\"><rect x=\"2\" y=\"2\" width=\"20\" height=\"20\" rx=\"5\" ry=\"5\"\/><path d=\"M16 11.37A4 4 0 1 1 12.63 8 4 4 0 0 1 16 11.37z\"\/><line x1=\"17.5\" y1=\"6.5\" x2=\"17.5\" y2=\"6.5\"\/><\/svg><\/span><\/a><\/div>\n<\/div>\n<\/div><\/div>\n\n\n<style>.kadence-column2339_36977d-91 > .kt-inside-inner-col,.kadence-column2339_36977d-91 > .kt-inside-inner-col:before{border-top-left-radius:0px;border-top-right-radius:0px;border-bottom-right-radius:0px;border-bottom-left-radius:0px;}.kadence-column2339_36977d-91 > .kt-inside-inner-col{column-gap:var(--global-kb-gap-sm, 1rem);}.kadence-column2339_36977d-91 > .kt-inside-inner-col{flex-direction:column;}.kadence-column2339_36977d-91 > .kt-inside-inner-col > .aligncenter{width:100%;}.kadence-column2339_36977d-91 > .kt-inside-inner-col:before{opacity:0.3;}.kadence-column2339_36977d-91{position:relative;}@media all and (max-width: 1024px){.kadence-column2339_36977d-91 > .kt-inside-inner-col{flex-direction:column;justify-content:center;}}@media all and (max-width: 767px){.kadence-column2339_36977d-91 > .kt-inside-inner-col{flex-direction:column;justify-content:center;}}<\/style>\n<div class=\"wp-block-kadence-column kadence-column2339_36977d-91 inner-column-2\"><div class=\"kt-inside-inner-col\">\n<p class=\"has-theme-palette-2-color has-text-color\"><em>Se recomienda encarecidamente reservar.<\/em><\/p>\n\n\n<style>.wp-block-kadence-advancedheading.kt-adv-heading2339_69d80f-85, .wp-block-kadence-advancedheading.kt-adv-heading2339_69d80f-85[data-kb-block=\"kb-adv-heading2339_69d80f-85\"]{margin-bottom:10px;font-style:normal;}.wp-block-kadence-advancedheading.kt-adv-heading2339_69d80f-85 mark.kt-highlight, .wp-block-kadence-advancedheading.kt-adv-heading2339_69d80f-85[data-kb-block=\"kb-adv-heading2339_69d80f-85\"] mark.kt-highlight{font-style:normal;color:#f76a0c;-webkit-box-decoration-break:clone;box-decoration-break:clone;padding-top:0px;padding-right:0px;padding-bottom:0px;padding-left:0px;}.wp-block-kadence-advancedheading.kt-adv-heading2339_69d80f-85 img.kb-inline-image, .wp-block-kadence-advancedheading.kt-adv-heading2339_69d80f-85[data-kb-block=\"kb-adv-heading2339_69d80f-85\"] img.kb-inline-image{width:150px;vertical-align:baseline;}<\/style>\n<p class=\"kt-adv-heading2339_69d80f-85 wp-block-kadence-advancedheading has-theme-palette-2-color has-text-color\" data-kb-block=\"kb-adv-heading2339_69d80f-85\"><strong>Horario de atenci\u00f3n al p\u00fablico<\/strong><\/p>\n\n\n\n<p>Abierto los 7 d\u00edas de la semana.<br>De 10.00 a 16.00 h.<\/p>\n\n\n\n<p><\/p>\n<\/div><\/div>\n\n<\/div><\/div>\n\n<style>.wp-block-kadence-advancedheading.kt-adv-heading2339_6511db-12, .wp-block-kadence-advancedheading.kt-adv-heading2339_6511db-12[data-kb-block=\"kb-adv-heading2339_6511db-12\"]{padding-bottom:0px;margin-bottom:10px;font-style:normal;}.wp-block-kadence-advancedheading.kt-adv-heading2339_6511db-12 mark.kt-highlight, .wp-block-kadence-advancedheading.kt-adv-heading2339_6511db-12[data-kb-block=\"kb-adv-heading2339_6511db-12\"] mark.kt-highlight{font-style:normal;color:#f76a0c;-webkit-box-decoration-break:clone;box-decoration-break:clone;padding-top:0px;padding-right:0px;padding-bottom:0px;padding-left:0px;}.wp-block-kadence-advancedheading.kt-adv-heading2339_6511db-12 img.kb-inline-image, .wp-block-kadence-advancedheading.kt-adv-heading2339_6511db-12[data-kb-block=\"kb-adv-heading2339_6511db-12\"] img.kb-inline-image{width:150px;vertical-align:baseline;}<\/style>\n<p class=\"kt-adv-heading2339_6511db-12 wp-block-kadence-advancedheading has-theme-palette-2-color has-text-color\" data-kb-block=\"kb-adv-heading2339_6511db-12\"><strong>Cont\u00e1ctenos por correo electr\u00f3nico<\/strong><\/p>\n\n\n<style>.kadence-form-1891_1c8962-62 .kb-form .kadence-blocks-form-field .kb-text-style-field, .kadence-form-1891_1c8962-62 .kb-form .kadence-blocks-form-field .kb-select-style-field{color:var(--global-palette1, #3182CE);border-radius:0px;border-width:0px 0px 1px 0px;}.kadence-form-1891_1c8962-62 .kb-form .kadence-blocks-form-field .kb-forms-submit{color:var(--global-palette1, #3182CE);border-radius:49px;border-width:1px 1px 1px 1px;background:var(--global-palette3, #1A202C);border-color:var(--global-palette3, #1A202C);}.kadence-form-1891_1c8962-62 .kb-form .kadence-blocks-form-field .kb-forms-submit:hover, .kadence-form-1891_1c8962-62 .kb-form .kadence-blocks-form-field .kb-forms-submit:focus {color:var(--global-palette2, #2B6CB0);border-color:var(--global-palette2, #2B6CB0);background:var(--global-palette8, #F7FAFC);}.kadence-form-1891_1c8962-62 .kb-form .kadence-blocks-form-field .kb-forms-submit{padding-top:11px;padding-right:40px;padding-bottom:11px;padding-left:40px;}.kadence-form-1891_1c8962-62 .kb-form .kadence-blocks-form-field .kb-forms-submit{font-size:18px;text-transform:uppercase;font-family:Poppins;font-style:normal;font-weight:700;}.kb-form input.kadence-blocks-field.verify{opacity:0.0;position:absolute;top:0.0;left:0.0;width:0.0;height:0.0;z-index:-1;}<\/style>\n<div class=\"wp-block-kadence-form kadence-form-1891_1c8962-62 kb-form-wrap\"><form class=\"kb-form\" action=\"\" method=\"post\"><div class=\"kadence-blocks-form-field kb-field-desk-width-50 kb-field-mobile-width-100 kb-input-size-standard\"><input name=\"kb_field_0\" id=\"kb_field_1891_1c8962-62_0\" data-label=\"Nombre\" type=\"text\" placeholder=\"Nombre\" value=\"\" data-type=\"text\" class=\"kb-field kb-text-style-field kb-text-field kb-field-0\" data-required=\"yes\"\/><\/div><div class=\"kadence-blocks-form-field kb-form-field-1 kb-field-desk-width-50 kb-field-mobile-width-100 kb-input-size-standard\"><input name=\"kb_field_1\" id=\"kb_field_1891_1c8962-62_1\" data-label=\"Apellido\" type=\"text\" placeholder=\"Apellido\" value=\"\" data-type=\"text\" class=\"kb-field kb-text-style-field kb-text-field kb-field-1\" data-required=\"yes\"\/><\/div><div class=\"kadence-blocks-form-field kb-form-field-2 kb-field-desk-width-100 kb-input-size-standard\"><input name=\"kb_field_2\" id=\"kb_field_1891_1c8962-62_2\" data-label=\"Direcci&#xF3;n de correo electr&#xF3;nico\" type=\"email\" placeholder=\"Direcci&#xF3;n de correo electr&#xF3;nico\" value=\"\" data-type=\"email\" class=\"kb-field kb-text-style-field kb-email-field kb-field-2\" data-required=\"yes\"\/><\/div><div class=\"kadence-blocks-form-field kb-form-field-3 kb-field-desk-width-100 kb-input-size-standard\"><textarea name=\"kb_field_3\" id=\"kb_field_1891_1c8962-62_3\" data-label=\"Mensaje\" type=\"textarea\" placeholder=\"Mensaje\" data-type=\"textarea\" class=\"kb-field kb-text-style-field kb-textarea-field kb-field-3\" rows=\"4\" data-required=\"yes\"><\/textarea><\/div><input type=\"hidden\" name=\"_kb_form_id\" value=\"1891_1c8962-62\"\/><input type=\"hidden\" name=\"_kb_form_post_id\" value=\"2339\"\/><input type=\"hidden\" name=\"action\" value=\"kb_process_ajax_submit\"\/><label class=\"kadence-verify-label\">Email<input class=\"kadence-blocks-field verify\" type=\"text\" name=\"_kb_verify_email\" autocomplete=\"new-password\" aria-hidden=\"true\" placeholder=\"Email\" tabindex=\"-1\" data-1p-ignore=\"true\" data-lpignore=\"true\" \/><\/label><div class=\"kadence-blocks-form-field kb-submit-field kb-field-desk-width-100\"><button class=\"kb-forms-submit button kb-button-size-custom kb-button-width-auto\">Enviar<\/button><\/div><\/form><\/div>\n<noscript><div class=\"kadence-blocks-form-message kadence-blocks-form-warning\">Activar JavaScript en tu navegador para enviar el formulario<\/div><style>.kadence-form-1891_1c8962-62 .kadence-blocks-form-field.kb-submit-field { display: none; }<\/style><\/noscript><\/div><\/div>\n\n\n<style>.kadence-column2339_049022-62 > .kt-inside-inner-col{padding-top:0px;padding-left:50px;}.kadence-column2339_049022-62 > .kt-inside-inner-col,.kadence-column2339_049022-62 > .kt-inside-inner-col:before{border-top-left-radius:0px;border-top-right-radius:0px;border-bottom-right-radius:0px;border-bottom-left-radius:0px;}.kadence-column2339_049022-62 > .kt-inside-inner-col{column-gap:var(--global-kb-gap-sm, 1rem);}.kadence-column2339_049022-62 > .kt-inside-inner-col{flex-direction:column;}.kadence-column2339_049022-62 > .kt-inside-inner-col > .aligncenter{width:100%;}.kadence-column2339_049022-62 > .kt-inside-inner-col:before{opacity:0.3;}.kadence-column2339_049022-62{position:relative;}@media all and (max-width: 1024px){.kadence-column2339_049022-62 > .kt-inside-inner-col{flex-direction:column;justify-content:center;}}@media all and (max-width: 767px){.kadence-column2339_049022-62 > .kt-inside-inner-col{padding-top:0px;padding-right:0px;padding-bottom:0px;padding-left:0px;flex-direction:column;justify-content:center;}}<\/style>\n<div class=\"wp-block-kadence-column kadence-column2339_049022-62 inner-column-2\" data-aos=\"fade\" data-aos-duration=\"1500\"><div class=\"kt-inside-inner-col\"><style>.kb-google-maps-container2339_dfb283-cf{height:600px;}.kb-google-maps-container2339_dfb283-cf{filter:grayscale(100%);}@media all and (max-width: 1024px){.kb-google-maps-container2339_dfb283-cf{height:500px;}}@media all and (max-width: 767px){.kb-google-maps-container2339_dfb283-cf{height:350px;}}<\/style><div class=\"kb-google-maps-container kb-google-maps-container2339_dfb283-cf  wp-block-kadence-googlemaps\" data-mapid=\"2339_dfb283cf\"><iframe width=\"100%\" height=\"100%\"\n\t\t\t\t\t\t\tstyle=\"border:0\" loading=\"lazy\"\n\t\t\t\t\t\t\tsrc=\"https:\/\/www.google.com\/maps\/embed\/v1\/place?key=AIzaSyBAM2o7PiQqwk15LC1XRH2e_KJ-jUa7KYk&#038;zoom=11&#038;maptype=roadmap&#038;q=1111+Parrot+Jungle+Trail+Miami%2C+FL+3313\"\n\t\t\t\t\t\t\ttitle=\"Mapa de Google de 1111 Parrot Jungle Trail Miami, FL 3313\"><\/iframe><\/div><script>function kb_google_map2339_dfb283cf() { let center = { lat: 37.8201, lng: -122.4781}; let map = new google.maps.Map(document.getElementById(\"kb-google-map2339_dfb283cf\"), {\n\t\t\t\t\t    zoom: 11,\n\t\t\t\t\t    center: center,});let marker = new google.maps.Marker({   position: { lat: 37.8201, lng: -122.4781},    map: map,  });}<\/script><\/div><\/div>\n\n<\/div><\/div>","protected":false},"excerpt":{"rendered":"<p>CONTACTO Vis\u00edtanos Treetop Trekking Miamiat Jungle Island1111 Parrot Jungle Trail,Miami FL 33132 Cont\u00e1ctenos por tel\u00e9fono (321) 277-7310 Se recomienda encarecidamente reservar. Horario de atenci\u00f3n al p\u00fablico Abierto los 7 d\u00edas de la semana.De 10.00 a 16.00 h. Cont\u00e1ctenos por correo electr\u00f3nico<\/p>\n","protected":false},"author":1,"featured_media":2043,"parent":0,"menu_order":0,"comment_status":"closed","ping_status":"closed","template":"","meta":{"inline_featured_image":false,"_kad_blocks_custom_css":"","_kad_blocks_head_custom_js":"","_kad_blocks_body_custom_js":"","_kad_blocks_footer_custom_js":"","_kad_post_transparent":"","_kad_post_title":"","_kad_post_layout":"","_kad_post_sidebar_id":"","_kad_post_content_style":"","_kad_post_vertical_padding":"","_kad_post_feature":"","_kad_post_feature_position":"","_kad_post_header":false,"_kad_post_footer":false,"_kad_post_classname":"","footnotes":""},"class_list":["post-2339","page","type-page","status-publish","has-post-thumbnail","hentry"],"taxonomy_info":[],"featured_image_src_large":["https:\/\/miamitreetoptrekking.com\/wp-content\/uploads\/2023\/10\/ea2e4a362f3b4225d900553d1de98cb9-xxlarge-1024x684.jpg",1024,684,true],"author_info":{"display_name":"mbourgeault","author_link":"https:\/\/miamitreetoptrekking.com\/es\/author\/mbourgeault\/"},"comment_info":0,"publishpress_future_action":{"enabled":false,"date":"2026-04-23 12:29:22","action":"change-status","newStatus":"draft","terms":[],"taxonomy":"translation_priority","extraData":[]},"publishpress_future_workflow_manual_trigger":{"enabledWorkflows":[]},"_links":{"self":[{"href":"https:\/\/miamitreetoptrekking.com\/es\/wp-json\/wp\/v2\/pages\/2339","targetHints":{"allow":["GET"]}}],"collection":[{"href":"https:\/\/miamitreetoptrekking.com\/es\/wp-json\/wp\/v2\/pages"}],"about":[{"href":"https:\/\/miamitreetoptrekking.com\/es\/wp-json\/wp\/v2\/types\/page"}],"author":[{"embeddable":true,"href":"https:\/\/miamitreetoptrekking.com\/es\/wp-json\/wp\/v2\/users\/1"}],"replies":[{"embeddable":true,"href":"https:\/\/miamitreetoptrekking.com\/es\/wp-json\/wp\/v2\/comments?post=2339"}],"version-history":[{"count":2,"href":"https:\/\/miamitreetoptrekking.com\/es\/wp-json\/wp\/v2\/pages\/2339\/revisions"}],"predecessor-version":[{"id":2503,"href":"https:\/\/miamitreetoptrekking.com\/es\/wp-json\/wp\/v2\/pages\/2339\/revisions\/2503"}],"wp:featuredmedia":[{"embeddable":true,"href":"https:\/\/miamitreetoptrekking.com\/es\/wp-json\/wp\/v2\/media\/2043"}],"wp:attachment":[{"href":"https:\/\/miamitreetoptrekking.com\/es\/wp-json\/wp\/v2\/media?parent=2339"}],"curies":[{"name":"wp","href":"https:\/\/api.w.org\/{rel}","templated":true}]}}