{"id":2337,"date":"2023-10-02T13:07:51","date_gmt":"2023-10-02T17:07:51","guid":{"rendered":"https:\/\/miamitreetoptrekking.com\/promociones\/"},"modified":"2026-03-26T12:38:17","modified_gmt":"2026-03-26T16:38:17","slug":"promociones","status":"publish","type":"page","link":"https:\/\/miamitreetoptrekking.com\/es\/promociones\/","title":{"rendered":"Promociones"},"content":{"rendered":"<style>.kb-row-layout-id2337_b678b5-10 > .kt-row-column-wrap{align-content:start;}:where(.kb-row-layout-id2337_b678b5-10 > .kt-row-column-wrap) > .wp-block-kadence-column{justify-content:start;}.kb-row-layout-id2337_b678b5-10 > .kt-row-column-wrap{column-gap:var(--global-kb-gap-md, 2rem);row-gap:var(--global-kb-gap-md, 2rem);max-width:var( --global-content-width, 1800px );padding-left:var(--global-content-edge-padding);padding-right:var(--global-content-edge-padding);padding-top:10%;padding-bottom:8%;grid-template-columns:minmax(0, 1fr);}.kb-row-layout-id2337_b678b5-10 > .kt-row-layout-overlay{opacity:0.30;}@media all and (max-width: 1024px){.kb-row-layout-id2337_b678b5-10 > .kt-row-column-wrap{grid-template-columns:minmax(0, 1fr);}}@media all and (max-width: 767px){.kb-row-layout-id2337_b678b5-10 > .kt-row-column-wrap{grid-template-columns:minmax(0, 1fr);}}<\/style><div class=\"kb-row-layout-wrap kb-row-layout-id2337_b678b5-10 alignnone resp wp-block-kadence-rowlayout\"><div class=\"kt-row-column-wrap kt-has-1-columns kt-row-layout-equal kt-tab-layout-inherit kt-mobile-layout-row kt-row-valign-top kb-theme-content-width\">\n<style>.kadence-column2337_60d480-bd > .kt-inside-inner-col,.kadence-column2337_60d480-bd > .kt-inside-inner-col:before{border-top-left-radius:0px;border-top-right-radius:0px;border-bottom-right-radius:0px;border-bottom-left-radius:0px;}.kadence-column2337_60d480-bd > .kt-inside-inner-col{column-gap:var(--global-kb-gap-sm, 1rem);}.kadence-column2337_60d480-bd > .kt-inside-inner-col{flex-direction:column;}.kadence-column2337_60d480-bd > .kt-inside-inner-col > .aligncenter{width:100%;}.kadence-column2337_60d480-bd > .kt-inside-inner-col:before{opacity:0.3;}.kadence-column2337_60d480-bd{position:relative;}@media all and (max-width: 1024px){.kadence-column2337_60d480-bd > .kt-inside-inner-col{flex-direction:column;justify-content:center;}}@media all and (max-width: 767px){.kadence-column2337_60d480-bd > .kt-inside-inner-col{flex-direction:column;justify-content:center;}}<\/style>\n<div class=\"wp-block-kadence-column kadence-column2337_60d480-bd\"><div class=\"kt-inside-inner-col\"><style>.wp-block-kadence-advancedheading.kt-adv-heading2337_c66bb2-03, .wp-block-kadence-advancedheading.kt-adv-heading2337_c66bb2-03[data-kb-block=\"kb-adv-heading2337_c66bb2-03\"]{font-style:normal;}.wp-block-kadence-advancedheading.kt-adv-heading2337_c66bb2-03 mark.kt-highlight, .wp-block-kadence-advancedheading.kt-adv-heading2337_c66bb2-03[data-kb-block=\"kb-adv-heading2337_c66bb2-03\"] mark.kt-highlight{font-style:normal;color:#f76a0c;-webkit-box-decoration-break:clone;box-decoration-break:clone;padding-top:0px;padding-right:0px;padding-bottom:0px;padding-left:0px;}.wp-block-kadence-advancedheading.kt-adv-heading2337_c66bb2-03 img.kb-inline-image, .wp-block-kadence-advancedheading.kt-adv-heading2337_c66bb2-03[data-kb-block=\"kb-adv-heading2337_c66bb2-03\"] img.kb-inline-image{width:150px;vertical-align:baseline;}<\/style>\n<h1 class=\"kt-adv-heading2337_c66bb2-03 wp-block-kadence-advancedheading\" data-kb-block=\"kb-adv-heading2337_c66bb2-03\">Promociones<\/h1>\n\n\n\n<p>\u00a1Eleva tu experiencia en Miami con nuestras ofertas exclusivas! Escala m\u00e1s alto y desl\u00edzate m\u00e1s r\u00e1pido por menos dinero. Consulta nuestras <strong>promociones<\/strong> actuales aqu\u00ed abajo y asegura hoy mismo tu lugar en las alturas.<\/p>\n\n\n<style>.kt-post-loop2337_01802b-67 .kadence-post-image{padding-top:0px;padding-right:0px;padding-bottom:10px;padding-left:0px;}.kt-post-loop2337_01802b-67 .kt-post-grid-wrap{gap:30px 30px;}.kt-post-loop2337_01802b-67 .kt-blocks-post-grid-item{border-top-left-radius:0px;border-top-right-radius:0px;border-bottom-right-radius:0px;border-bottom-left-radius:0px;border-top-color:currentColor;border-top-style:solid;border-right-color:currentColor;border-right-style:solid;border-bottom-color:currentColor;border-bottom-style:solid;border-left-color:currentColor;border-left-style:solid;background-color:var(--global-palette7, #EDF2F7);overflow:hidden;}.kt-post-loop2337_01802b-67 .kt-blocks-post-grid-item .kt-blocks-post-grid-item-inner{padding-top:0px;padding-right:0px;padding-bottom:0px;padding-left:0px;}.kt-post-loop2337_01802b-67 .kt-blocks-post-grid-item header{padding-top:30px;padding-right:40px;padding-bottom:10px;padding-left:40px;margin-top:0px;margin-right:0px;margin-bottom:0px;margin-left:0px;}.kt-post-loop2337_01802b-67 .kt-blocks-post-grid-item .kt-blocks-above-categories{font-size:13px;line-height:20px;text-transform:uppercase;}.kt-post-loop2337_01802b-67 .kt-blocks-post-grid-item .entry-title{padding-top:5px;padding-right:0px;padding-bottom:0px;padding-left:0px;margin-top:0px;margin-right:0px;margin-bottom:0px;margin-left:0px;font-size:32px;line-height:30px;}.kt-post-loop2337_01802b-67 .entry-content{padding-top:20px;padding-right:40px;padding-bottom:20px;padding-left:40px;margin-top:0px;margin-right:0px;margin-bottom:20px;margin-left:0px;font-size:20px;line-height:24px;}.kt-post-loop2337_01802b-67 .kt-blocks-post-footer{border-top-width:0px;border-right-width:0px;border-bottom-width:0px;border-left-width:0px;padding-top:0px;padding-right:0px;padding-bottom:0px;padding-left:0px;margin-top:0px;margin-right:0px;margin-bottom:0px;margin-left:0px;font-size:12px;line-height:20px;text-transform:uppercase;}.kt-post-loop2337_01802b-67 .entry-content:after{height:0px;}.kt-post-loop2337_01802b-67 .entry-content .kt-blocks-post-readmore{background-color:var(--global-palette3, #1A202C);border-color:var(--global-palette3, #1A202C);color:var(--global-palette1, #3182CE);border-width:1px;border-radius:50px;padding-top:11px;padding-right:40px;padding-bottom:11px;padding-left:40px;margin-top:40px;margin-right:0px;margin-bottom:0px;margin-left:0px;font-family:Poppins;font-weight:700;font-style:normal;}.kt-post-loop2337_01802b-67 .entry-content .kt-blocks-post-readmore:hover{color:var(--global-palette2, #2B6CB0);border-color:var(--global-palette2, #2B6CB0);background-color:var(--global-palette9, #ffffff);}.kt-post-loop2337_01802b-67 .kb-filter-item{border-top-width:0px;border-right-width:0px;border-bottom-width:2px;border-left-width:0px;padding-top:5px;padding-right:8px;padding-bottom:5px;padding-left:8px;margin-top:0px;margin-right:10px;margin-bottom:0px;margin-left:0px;}@media all and (max-width: 1024px){.kt-post-loop2337_01802b-67 .kt-blocks-post-grid-item{border-top-color:currentColor;border-top-style:solid;border-right-color:currentColor;border-right-style:solid;border-bottom-color:currentColor;border-bottom-style:solid;border-left-color:currentColor;border-left-style:solid;}}@media all and (max-width: 767px){.kt-post-loop2337_01802b-67 .kt-blocks-post-grid-item{border-top-color:currentColor;border-top-style:solid;border-right-color:currentColor;border-right-style:solid;border-bottom-color:currentColor;border-bottom-style:solid;border-left-color:currentColor;border-left-style:solid;}}<\/style><div class=\"wp-block-kadence-postgrid kt-blocks-post-loop-block alignnone kt-post-loop2337_01802b-67 kt-post-grid-layout-grid \"><div class=\"kt-post-grid-layout-grid-wrap kt-post-grid-wrap\" data-columns-xxl=\"3\" data-columns-xl=\"3\" data-columns-md=\"3\" data-columns-sm=\"2\" data-columns-xs=\"1\" data-columns-ss=\"1\"data-item-selector=\".kt-post-masonry-item\" aria-label=\"Post Carousel\"><p>No posts<\/p><\/div><\/div><!-- .wp-block-kadence-postgrid --><\/div><\/div>\n\n<\/div><\/div>","protected":false},"excerpt":{"rendered":"<p>Promociones \u00a1Eleva tu experiencia en Miami con nuestras ofertas exclusivas! Escala m\u00e1s alto y desl\u00edzate m\u00e1s r\u00e1pido por menos dinero. Consulta nuestras promociones actuales aqu\u00ed abajo y asegura hoy mismo tu lugar en las alturas.<\/p>\n","protected":false},"author":1,"featured_media":0,"parent":0,"menu_order":0,"comment_status":"closed","ping_status":"closed","template":"","meta":{"inline_featured_image":false,"_kad_blocks_custom_css":"","_kad_blocks_head_custom_js":"","_kad_blocks_body_custom_js":"","_kad_blocks_footer_custom_js":"","_kad_post_transparent":"","_kad_post_title":"","_kad_post_layout":"","_kad_post_sidebar_id":"","_kad_post_content_style":"","_kad_post_vertical_padding":"","_kad_post_feature":"","_kad_post_feature_position":"","_kad_post_header":false,"_kad_post_footer":false,"_kad_post_classname":"","footnotes":""},"class_list":["post-2337","page","type-page","status-publish","hentry"],"taxonomy_info":[],"featured_image_src_large":false,"author_info":{"display_name":"mbourgeault","author_link":"https:\/\/miamitreetoptrekking.com\/es\/author\/mbourgeault\/"},"comment_info":0,"publishpress_future_action":{"enabled":false,"date":"2026-04-17 21:56:29","action":"change-status","newStatus":"draft","terms":[],"taxonomy":"translation_priority","extraData":[]},"publishpress_future_workflow_manual_trigger":{"enabledWorkflows":[]},"_links":{"self":[{"href":"https:\/\/miamitreetoptrekking.com\/es\/wp-json\/wp\/v2\/pages\/2337","targetHints":{"allow":["GET"]}}],"collection":[{"href":"https:\/\/miamitreetoptrekking.com\/es\/wp-json\/wp\/v2\/pages"}],"about":[{"href":"https:\/\/miamitreetoptrekking.com\/es\/wp-json\/wp\/v2\/types\/page"}],"author":[{"embeddable":true,"href":"https:\/\/miamitreetoptrekking.com\/es\/wp-json\/wp\/v2\/users\/1"}],"replies":[{"embeddable":true,"href":"https:\/\/miamitreetoptrekking.com\/es\/wp-json\/wp\/v2\/comments?post=2337"}],"version-history":[{"count":3,"href":"https:\/\/miamitreetoptrekking.com\/es\/wp-json\/wp\/v2\/pages\/2337\/revisions"}],"predecessor-version":[{"id":3435,"href":"https:\/\/miamitreetoptrekking.com\/es\/wp-json\/wp\/v2\/pages\/2337\/revisions\/3435"}],"wp:attachment":[{"href":"https:\/\/miamitreetoptrekking.com\/es\/wp-json\/wp\/v2\/media?parent=2337"}],"curies":[{"name":"wp","href":"https:\/\/api.w.org\/{rel}","templated":true}]}}