{"id":2335,"date":"2023-10-02T13:27:36","date_gmt":"2023-10-02T17:27:36","guid":{"rendered":"https:\/\/miamitreetoptrekking.com\/renuncia\/"},"modified":"2026-03-26T12:42:17","modified_gmt":"2026-03-26T16:42:17","slug":"renuncia","status":"publish","type":"page","link":"https:\/\/miamitreetoptrekking.com\/es\/renuncia\/","title":{"rendered":"Renuncia"},"content":{"rendered":"<style>.kb-row-layout-wrap.wp-block-kadence-rowlayout.kb-row-layout-id1983_48e986-f7{margin-top:0px;margin-bottom:0px;}.kb-row-layout-id1983_48e986-f7 > .kt-row-column-wrap{align-content:start;}:where(.kb-row-layout-id1983_48e986-f7 > .kt-row-column-wrap) > .wp-block-kadence-column{justify-content:start;}.kb-row-layout-id1983_48e986-f7 > .kt-row-column-wrap{column-gap:var(--global-kb-gap-md, 2rem);row-gap:var(--global-kb-gap-md, 2rem);max-width:var( --global-content-width, 1800px );padding-left:var(--global-content-edge-padding);padding-right:var(--global-content-edge-padding);padding-top:10%;padding-bottom:8%;grid-template-columns:minmax(0, 1fr);}.kb-row-layout-id1983_48e986-f7 > .kt-row-layout-overlay{opacity:0.30;}@media all and (max-width: 1024px){.kb-row-layout-id1983_48e986-f7 > .kt-row-column-wrap{padding-bottom:12%;grid-template-columns:minmax(0, 1fr);}}@media all and (max-width: 767px){.kb-row-layout-id1983_48e986-f7 > .kt-row-column-wrap{padding-right:0%;padding-left:0%;grid-template-columns:minmax(0, 1fr);}}.kb-row-layout-id1983_48e986-f7 .wp-block-kadence-pane:last-child {\r    border-bottom: 1px solid;\r}<\/style><div class=\"kb-row-layout-wrap kb-row-layout-id1983_48e986-f7 alignnone resp wp-block-kadence-rowlayout\" id=\"rules\"><div class=\"kt-row-column-wrap kt-has-1-columns kt-row-layout-equal kt-tab-layout-inherit kt-mobile-layout-row kt-row-valign-top kb-theme-content-width\">\n<style>.kadence-column1983_c9d178-80 > .kt-inside-inner-col{display:flex;}.kadence-column1983_c9d178-80 > .kt-inside-inner-col{padding-top:0%;padding-right:3%;padding-left:0%;}.kadence-column1983_c9d178-80 > .kt-inside-inner-col,.kadence-column1983_c9d178-80 > .kt-inside-inner-col:before{border-top-left-radius:0px;border-top-right-radius:0px;border-bottom-right-radius:0px;border-bottom-left-radius:0px;}.kadence-column1983_c9d178-80 > .kt-inside-inner-col{column-gap:var(--global-kb-gap-sm, 1rem);}.kadence-column1983_c9d178-80 > .kt-inside-inner-col{flex-direction:column;justify-content:flex-start;}.kadence-column1983_c9d178-80 > .kt-inside-inner-col > .aligncenter{width:100%;}.kt-row-column-wrap > .kadence-column1983_c9d178-80{align-self:flex-start;}.kt-inner-column-height-full:not(.kt-has-1-columns) > .wp-block-kadence-column.kadence-column1983_c9d178-80{align-self:auto;}.kt-inner-column-height-full:not(.kt-has-1-columns) > .wp-block-kadence-column.kadence-column1983_c9d178-80 > .kt-inside-inner-col{flex-direction:column;justify-content:flex-start;}.kadence-column1983_c9d178-80 > .kt-inside-inner-col:before{opacity:0.3;}.kadence-column1983_c9d178-80{position:relative;}@media all and (max-width: 1024px){.kt-row-column-wrap > .kadence-column1983_c9d178-80{align-self:flex-start;}}@media all and (max-width: 1024px){.kt-inner-column-height-full:not(.kt-has-1-columns) > .wp-block-kadence-column.kadence-column1983_c9d178-80{align-self:auto;}}@media all and (max-width: 1024px){.kt-inner-column-height-full:not(.kt-has-1-columns) > .wp-block-kadence-column.kadence-column1983_c9d178-80 > .kt-inside-inner-col{flex-direction:column;justify-content:flex-start;}}@media all and (max-width: 1024px){.kadence-column1983_c9d178-80 > .kt-inside-inner-col{flex-direction:column;justify-content:flex-start;}}@media all and (max-width: 767px){.kt-row-column-wrap > .kadence-column1983_c9d178-80{align-self:flex-start;}.kt-inner-column-height-full:not(.kt-has-1-columns) > .wp-block-kadence-column.kadence-column1983_c9d178-80{align-self:auto;}.kt-inner-column-height-full:not(.kt-has-1-columns) > .wp-block-kadence-column.kadence-column1983_c9d178-80 > .kt-inside-inner-col{flex-direction:column;justify-content:flex-start;}.kadence-column1983_c9d178-80 > .kt-inside-inner-col{flex-direction:column;justify-content:flex-start;}}<\/style>\n<div class=\"wp-block-kadence-column kadence-column1983_c9d178-80 inner-column-2\" data-aos=\"fade\" data-aos-duration=\"1500\"><div class=\"kt-inside-inner-col\"><style>.wp-block-kadence-advancedheading.kt-adv-heading1983_322d50-38, .wp-block-kadence-advancedheading.kt-adv-heading1983_322d50-38[data-kb-block=\"kb-adv-heading1983_322d50-38\"]{font-weight:400;font-style:normal;}.wp-block-kadence-advancedheading.kt-adv-heading1983_322d50-38 mark.kt-highlight, .wp-block-kadence-advancedheading.kt-adv-heading1983_322d50-38[data-kb-block=\"kb-adv-heading1983_322d50-38\"] mark.kt-highlight{font-style:normal;color:#f76a0c;-webkit-box-decoration-break:clone;box-decoration-break:clone;padding-top:0px;padding-right:0px;padding-bottom:0px;padding-left:0px;}.wp-block-kadence-advancedheading.kt-adv-heading1983_322d50-38 img.kb-inline-image, .wp-block-kadence-advancedheading.kt-adv-heading1983_322d50-38[data-kb-block=\"kb-adv-heading1983_322d50-38\"] img.kb-inline-image{width:150px;vertical-align:baseline;}<\/style>\n<h2 class=\"kt-adv-heading1983_322d50-38 wp-block-kadence-advancedheading\" data-kb-block=\"kb-adv-heading1983_322d50-38\">Renuncia<\/h2>\n\n\n\n<p>Cada participante deber\u00e1 rellenar una declaraci\u00f3n de exenci\u00f3n de responsabilidad.<\/p>\n\n\n\n<p>Imprima la exenci\u00f3n correspondiente de las opciones que aparecen a continuaci\u00f3n y traiga una copia cumplimentada el d\u00eda de su visita.<\/p>\n\n\n\n<p>Si no la rellena con antelaci\u00f3n, llegue pronto al parque para rellenarla in situ, antes de que comience la aventura.<\/p>\n\n\n<style>.wp-block-kadence-iconlist.kt-svg-icon-list-items1983_47e083-86:not(.this-stops-third-party-issues){margin-top:0px;margin-bottom:0px;}.wp-block-kadence-iconlist.kt-svg-icon-list-items1983_47e083-86 ul.kt-svg-icon-list:not(.this-prevents-issues):not(.this-stops-third-party-issues):not(.tijsloc){margin-top:0px;margin-right:0px;margin-bottom:var(--global-kb-spacing-sm, 1.5rem);margin-left:0px;}.wp-block-kadence-iconlist.kt-svg-icon-list-items1983_47e083-86 ul.kt-svg-icon-list{grid-row-gap:5px;}.wp-block-kadence-iconlist.kt-svg-icon-list-items1983_47e083-86 ul.kt-svg-icon-list .kt-svg-icon-list-item-wrap .kt-svg-icon-list-single{margin-right:10px;}.kt-svg-icon-list-items1983_47e083-86 ul.kt-svg-icon-list .kt-svg-icon-list-item-wrap, .kt-svg-icon-list-items1983_47e083-86 ul.kt-svg-icon-list .kt-svg-icon-list-item-wrap a{color:var(--global-palette2, #2B6CB0);color:var(--global-palette2, #2B6CB0);}.kt-svg-icon-list-items1983_47e083-86 ul.kt-svg-icon-list .kt-svg-icon-list-level-0 .kt-svg-icon-list-single svg{font-size:20px;}.wp-block-kadence-iconlist.kt-svg-icon-list-items1983_47e083-86 ul.kt-svg-icon-list .wp-block-kadence-listitem a{color:var(--global-palette2, #2B6CB0);}.wp-block-kadence-iconlist.kt-svg-icon-list-items1983_47e083-86 ul.kt-svg-icon-list .wp-block-kadence-listitem a:hover{color:var(--global-palette1, #3182CE);}<\/style>\n<div class=\"wp-block-kadence-iconlist kt-svg-icon-list-items kt-svg-icon-list-items1983_47e083-86 kt-svg-icon-list-columns-1 alignnone\"><ul class=\"kt-svg-icon-list\"><style>.kt-svg-icon-list-item-1983_7020c9-18 .kt-svg-icon-list-text mark.kt-highlight{background-color:unset;font-style:normal;color:#f76a0c;-webkit-box-decoration-break:clone;box-decoration-break:clone;padding-top:0px;padding-right:0px;padding-bottom:0px;padding-left:0px;}<\/style>\n<li class=\"wp-block-kadence-listitem kt-svg-icon-list-item-wrap kt-svg-icon-list-item-1983_7020c9-18\"><a href=\"https:\/\/miamitreetoptrekking.com\/wp-content\/uploads\/2023\/10\/adult_release_-Miami-08-10-2022.pdf\" class=\"kt-svg-icon-link\" target=\"_blank\" rel=\"noopener noreferrer\"><span class=\"kb-svg-icon-wrap kb-svg-icon-fas_file-pdf kt-svg-icon-list-single\"><svg viewBox=\"0 0 384 512\"  fill=\"currentColor\" xmlns=\"http:\/\/www.w3.org\/2000\/svg\"  aria-hidden=\"true\"><path d=\"M181.9 256.1c-5-16-4.9-46.9-2-46.9 8.4 0 7.6 36.9 2 46.9zm-1.7 47.2c-7.7 20.2-17.3 43.3-28.4 62.7 18.3-7 39-17.2 62.9-21.9-12.7-9.6-24.9-23.4-34.5-40.8zM86.1 428.1c0 .8 13.2-5.4 34.9-40.2-6.7 6.3-29.1 24.5-34.9 40.2zM248 160h136v328c0 13.3-10.7 24-24 24H24c-13.3 0-24-10.7-24-24V24C0 10.7 10.7 0 24 0h200v136c0 13.2 10.8 24 24 24zm-8 171.8c-20-12.2-33.3-29-42.7-53.8 4.5-18.5 11.6-46.6 6.2-64.2-4.7-29.4-42.4-26.5-47.8-6.8-5 18.3-.4 44.1 8.1 77-11.6 27.6-28.7 64.6-40.8 85.8-.1 0-.1.1-.2.1-27.1 13.9-73.6 44.5-54.5 68 5.6 6.9 16 10 21.5 10 17.9 0 35.7-18 61.1-61.8 25.8-8.5 54.1-19.1 79-23.2 21.7 11.8 47.1 19.5 64 19.5 29.2 0 31.2-32 19.7-43.4-13.9-13.6-54.3-9.7-73.6-7.2zM377 105L279 7c-4.5-4.5-10.6-7-17-7h-6v128h128v-6.1c0-6.3-2.5-12.4-7-16.9zm-74.1 255.3c4.1-2.7-2.5-11.9-42.8-9 37.1 15.8 42.8 9 42.8 9z\"\/><\/svg><\/span><span class=\"kt-svg-icon-list-text\"><strong>Exenci\u00f3n de responsabilidad para mayores de 18 a\u00f1os<\/strong><\/span><\/a><\/li>\n\n\n<style>.kt-svg-icon-list-item-1983_bb5254-26 .kt-svg-icon-list-text mark.kt-highlight{background-color:unset;font-style:normal;color:#f76a0c;-webkit-box-decoration-break:clone;box-decoration-break:clone;padding-top:0px;padding-right:0px;padding-bottom:0px;padding-left:0px;}<\/style>\n<li class=\"wp-block-kadence-listitem kt-svg-icon-list-item-wrap kt-svg-icon-list-item-1983_bb5254-26\"><a href=\"https:\/\/miamitreetoptrekking.com\/wp-content\/uploads\/2023\/10\/minor_release_MIAMI-08-10-2022.pdf\" class=\"kt-svg-icon-link\" target=\"_blank\" rel=\"noopener noreferrer\"><span class=\"kb-svg-icon-wrap kb-svg-icon-fas_file-pdf kt-svg-icon-list-single\"><svg viewBox=\"0 0 384 512\"  fill=\"currentColor\" xmlns=\"http:\/\/www.w3.org\/2000\/svg\"  aria-hidden=\"true\"><path d=\"M181.9 256.1c-5-16-4.9-46.9-2-46.9 8.4 0 7.6 36.9 2 46.9zm-1.7 47.2c-7.7 20.2-17.3 43.3-28.4 62.7 18.3-7 39-17.2 62.9-21.9-12.7-9.6-24.9-23.4-34.5-40.8zM86.1 428.1c0 .8 13.2-5.4 34.9-40.2-6.7 6.3-29.1 24.5-34.9 40.2zM248 160h136v328c0 13.3-10.7 24-24 24H24c-13.3 0-24-10.7-24-24V24C0 10.7 10.7 0 24 0h200v136c0 13.2 10.8 24 24 24zm-8 171.8c-20-12.2-33.3-29-42.7-53.8 4.5-18.5 11.6-46.6 6.2-64.2-4.7-29.4-42.4-26.5-47.8-6.8-5 18.3-.4 44.1 8.1 77-11.6 27.6-28.7 64.6-40.8 85.8-.1 0-.1.1-.2.1-27.1 13.9-73.6 44.5-54.5 68 5.6 6.9 16 10 21.5 10 17.9 0 35.7-18 61.1-61.8 25.8-8.5 54.1-19.1 79-23.2 21.7 11.8 47.1 19.5 64 19.5 29.2 0 31.2-32 19.7-43.4-13.9-13.6-54.3-9.7-73.6-7.2zM377 105L279 7c-4.5-4.5-10.6-7-17-7h-6v128h128v-6.1c0-6.3-2.5-12.4-7-16.9zm-74.1 255.3c4.1-2.7-2.5-11.9-42.8-9 37.1 15.8 42.8 9 42.8 9z\"\/><\/svg><\/span><span class=\"kt-svg-icon-list-text\"><strong>Exenci\u00f3n de responsabilidad para menores de 17 a\u00f1os<\/strong><\/span><\/a><\/li>\n<\/ul><\/div>\n<\/div><\/div>\n\n<\/div><\/div>","protected":false},"excerpt":{"rendered":"<p>Renuncia Cada participante deber\u00e1 rellenar una declaraci\u00f3n de exenci\u00f3n de responsabilidad. Imprima la exenci\u00f3n correspondiente de las opciones que aparecen a continuaci\u00f3n y traiga una copia cumplimentada el d\u00eda de su visita. Si no la rellena con antelaci\u00f3n, llegue pronto al parque para rellenarla in situ, antes de que comience la aventura.<\/p>\n","protected":false},"author":1,"featured_media":0,"parent":0,"menu_order":0,"comment_status":"closed","ping_status":"closed","template":"","meta":{"inline_featured_image":false,"_kad_blocks_custom_css":"","_kad_blocks_head_custom_js":"","_kad_blocks_body_custom_js":"","_kad_blocks_footer_custom_js":"","_kad_post_transparent":"","_kad_post_title":"","_kad_post_layout":"","_kad_post_sidebar_id":"","_kad_post_content_style":"","_kad_post_vertical_padding":"","_kad_post_feature":"","_kad_post_feature_position":"","_kad_post_header":false,"_kad_post_footer":false,"_kad_post_classname":"","footnotes":""},"class_list":["post-2335","page","type-page","status-publish","hentry"],"taxonomy_info":[],"featured_image_src_large":false,"author_info":{"display_name":"mbourgeault","author_link":"https:\/\/miamitreetoptrekking.com\/es\/author\/mbourgeault\/"},"comment_info":0,"publishpress_future_action":{"enabled":false,"date":"2026-04-17 22:02:37","action":"change-status","newStatus":"draft","terms":[],"taxonomy":"translation_priority","extraData":[]},"publishpress_future_workflow_manual_trigger":{"enabledWorkflows":[]},"_links":{"self":[{"href":"https:\/\/miamitreetoptrekking.com\/es\/wp-json\/wp\/v2\/pages\/2335","targetHints":{"allow":["GET"]}}],"collection":[{"href":"https:\/\/miamitreetoptrekking.com\/es\/wp-json\/wp\/v2\/pages"}],"about":[{"href":"https:\/\/miamitreetoptrekking.com\/es\/wp-json\/wp\/v2\/types\/page"}],"author":[{"embeddable":true,"href":"https:\/\/miamitreetoptrekking.com\/es\/wp-json\/wp\/v2\/users\/1"}],"replies":[{"embeddable":true,"href":"https:\/\/miamitreetoptrekking.com\/es\/wp-json\/wp\/v2\/comments?post=2335"}],"version-history":[{"count":2,"href":"https:\/\/miamitreetoptrekking.com\/es\/wp-json\/wp\/v2\/pages\/2335\/revisions"}],"predecessor-version":[{"id":3437,"href":"https:\/\/miamitreetoptrekking.com\/es\/wp-json\/wp\/v2\/pages\/2335\/revisions\/3437"}],"wp:attachment":[{"href":"https:\/\/miamitreetoptrekking.com\/es\/wp-json\/wp\/v2\/media?parent=2335"}],"curies":[{"name":"wp","href":"https:\/\/api.w.org\/{rel}","templated":true}]}}