{"id":2333,"date":"2023-09-27T16:08:41","date_gmt":"2023-09-27T20:08:41","guid":{"rendered":"https:\/\/miamitreetoptrekking.com\/tarjetas-regalo\/"},"modified":"2026-03-26T11:47:34","modified_gmt":"2026-03-26T15:47:34","slug":"tarjetas-regalo","status":"publish","type":"page","link":"https:\/\/miamitreetoptrekking.com\/es\/tarjetas-regalo\/","title":{"rendered":"Tarjetas regalo"},"content":{"rendered":"<style>.kb-row-layout-wrap.wp-block-kadence-rowlayout.kb-row-layout-id1887_464849-d2{margin-top:0px;margin-bottom:0px;}.kb-row-layout-id1887_464849-d2 > .kt-row-column-wrap{align-content:start;}:where(.kb-row-layout-id1887_464849-d2 > .kt-row-column-wrap) > .wp-block-kadence-column{justify-content:start;}.kb-row-layout-id1887_464849-d2 > .kt-row-column-wrap{column-gap:var(--global-kb-gap-md, 2rem);row-gap:var(--global-kb-gap-md, 2rem);max-width:var( --global-content-width, 1800px );padding-left:var(--global-content-edge-padding);padding-right:var(--global-content-edge-padding);padding-top:12%;padding-bottom:4%;grid-template-columns:minmax(0, calc(50% - ((var(--global-kb-gap-md, 2rem) * 1 )\/2)))minmax(0, calc(50% - ((var(--global-kb-gap-md, 2rem) * 1 )\/2)));}.kb-row-layout-id1887_464849-d2 > .kt-row-layout-overlay{opacity:0.30;}@media all and (max-width: 1024px){.kb-row-layout-id1887_464849-d2 > .kt-row-column-wrap{grid-template-columns:minmax(0, 1fr);}}@media all and (max-width: 1024px){.kb-row-layout-id1887_464849-d2 > .kt-row-column-wrap > .wp-block-kadence-column:nth-child(1 of *:not(style)){order:2;}}@media all and (max-width: 1024px){.kb-row-layout-id1887_464849-d2 > .kt-row-column-wrap > .wp-block-kadence-column:nth-child(2 of *:not(style)){order:1;}}@media all and (max-width: 1024px){.kb-row-layout-id1887_464849-d2 > .kt-row-column-wrap > .wp-block-kadence-column:nth-child(3 of *:not(style)){order:12;}}@media all and (max-width: 1024px){.kb-row-layout-id1887_464849-d2 > .kt-row-column-wrap > .wp-block-kadence-column:nth-child(4 of *:not(style)){order:11;}}@media all and (max-width: 1024px){.kb-row-layout-id1887_464849-d2 > .kt-row-column-wrap > .wp-block-kadence-column:nth-child(5 of *:not(style)){order:22;}}@media all and (max-width: 1024px){.kb-row-layout-id1887_464849-d2 > .kt-row-column-wrap > .wp-block-kadence-column:nth-child(6 of *:not(style)){order:21;}}@media all and (max-width: 1024px){.kb-row-layout-id1887_464849-d2 > .kt-row-column-wrap > .wp-block-kadence-column:nth-child(7 of *:not(style)){order:32;}}@media all and (max-width: 1024px){.kb-row-layout-id1887_464849-d2 > .kt-row-column-wrap > .wp-block-kadence-column:nth-child(8 of *:not(style)){order:31;}}@media all and (max-width: 767px){.kb-row-layout-id1887_464849-d2 > .kt-row-column-wrap{padding-right:0%;padding-left:0%;grid-template-columns:minmax(0, 1fr);}.kb-row-layout-id1887_464849-d2 > .kt-row-column-wrap > .wp-block-kadence-column:nth-child(1 of *:not(style)){order:2;}.kb-row-layout-id1887_464849-d2 > .kt-row-column-wrap > .wp-block-kadence-column:nth-child(2 of *:not(style)){order:1;}.kb-row-layout-id1887_464849-d2 > .kt-row-column-wrap > .wp-block-kadence-column:nth-child(3 of *:not(style)){order:12;}.kb-row-layout-id1887_464849-d2 > .kt-row-column-wrap > .wp-block-kadence-column:nth-child(4 of *:not(style)){order:11;}.kb-row-layout-id1887_464849-d2 > .kt-row-column-wrap > .wp-block-kadence-column:nth-child(5 of *:not(style)){order:22;}.kb-row-layout-id1887_464849-d2 > .kt-row-column-wrap > .wp-block-kadence-column:nth-child(6 of *:not(style)){order:21;}.kb-row-layout-id1887_464849-d2 > .kt-row-column-wrap > .wp-block-kadence-column:nth-child(7 of *:not(style)){order:32;}.kb-row-layout-id1887_464849-d2 > .kt-row-column-wrap > .wp-block-kadence-column:nth-child(8 of *:not(style)){order:31;}}.kb-row-layout-id1887_464849-d2 .wp-block-kadence-pane:last-child {\r    border-bottom: 1px solid;\r}<\/style><div class=\"kb-row-layout-wrap kb-row-layout-id1887_464849-d2 alignnone resp wp-block-kadence-rowlayout\"><div class=\"kt-row-column-wrap kt-has-2-columns kt-row-layout-equal kt-tab-layout-row kt-mobile-layout-row kt-row-valign-top kb-theme-content-width\">\n<style>.kadence-column1887_9dd879-68 > .kt-inside-inner-col{display:flex;}.kadence-column1887_9dd879-68 > .kt-inside-inner-col{padding-top:0%;padding-right:3%;padding-left:0%;}.kadence-column1887_9dd879-68 > .kt-inside-inner-col,.kadence-column1887_9dd879-68 > .kt-inside-inner-col:before{border-top-left-radius:0px;border-top-right-radius:0px;border-bottom-right-radius:0px;border-bottom-left-radius:0px;}.kadence-column1887_9dd879-68 > .kt-inside-inner-col{column-gap:var(--global-kb-gap-sm, 1rem);}.kadence-column1887_9dd879-68 > .kt-inside-inner-col{flex-direction:column;justify-content:flex-start;}.kadence-column1887_9dd879-68 > .kt-inside-inner-col > .aligncenter{width:100%;}.kt-row-column-wrap > .kadence-column1887_9dd879-68{align-self:flex-start;}.kt-inner-column-height-full:not(.kt-has-1-columns) > .wp-block-kadence-column.kadence-column1887_9dd879-68{align-self:auto;}.kt-inner-column-height-full:not(.kt-has-1-columns) > .wp-block-kadence-column.kadence-column1887_9dd879-68 > .kt-inside-inner-col{flex-direction:column;justify-content:flex-start;}.kadence-column1887_9dd879-68 > .kt-inside-inner-col:before{opacity:0.3;}.kadence-column1887_9dd879-68{position:relative;}@media all and (max-width: 1024px){.kt-row-column-wrap > .kadence-column1887_9dd879-68{align-self:flex-start;}}@media all and (max-width: 1024px){.kt-inner-column-height-full:not(.kt-has-1-columns) > .wp-block-kadence-column.kadence-column1887_9dd879-68{align-self:auto;}}@media all and (max-width: 1024px){.kt-inner-column-height-full:not(.kt-has-1-columns) > .wp-block-kadence-column.kadence-column1887_9dd879-68 > .kt-inside-inner-col{flex-direction:column;justify-content:flex-start;}}@media all and (max-width: 1024px){.kadence-column1887_9dd879-68 > .kt-inside-inner-col{flex-direction:column;justify-content:flex-start;}}@media all and (max-width: 767px){.kt-row-column-wrap > .kadence-column1887_9dd879-68{align-self:flex-start;}.kt-inner-column-height-full:not(.kt-has-1-columns) > .wp-block-kadence-column.kadence-column1887_9dd879-68{align-self:auto;}.kt-inner-column-height-full:not(.kt-has-1-columns) > .wp-block-kadence-column.kadence-column1887_9dd879-68 > .kt-inside-inner-col{flex-direction:column;justify-content:flex-start;}.kadence-column1887_9dd879-68 > .kt-inside-inner-col{flex-direction:column;justify-content:flex-start;}}<\/style>\n<div class=\"wp-block-kadence-column kadence-column1887_9dd879-68 inner-column-2\" data-aos=\"fade\" data-aos-duration=\"1500\"><div class=\"kt-inside-inner-col\"><style>.wp-block-kadence-advancedheading.kt-adv-heading1887_f7b81b-b4, .wp-block-kadence-advancedheading.kt-adv-heading1887_f7b81b-b4[data-kb-block=\"kb-adv-heading1887_f7b81b-b4\"]{font-weight:400;font-style:normal;}.wp-block-kadence-advancedheading.kt-adv-heading1887_f7b81b-b4 mark.kt-highlight, .wp-block-kadence-advancedheading.kt-adv-heading1887_f7b81b-b4[data-kb-block=\"kb-adv-heading1887_f7b81b-b4\"] mark.kt-highlight{font-style:normal;color:#f76a0c;-webkit-box-decoration-break:clone;box-decoration-break:clone;padding-top:0px;padding-right:0px;padding-bottom:0px;padding-left:0px;}.wp-block-kadence-advancedheading.kt-adv-heading1887_f7b81b-b4 img.kb-inline-image, .wp-block-kadence-advancedheading.kt-adv-heading1887_f7b81b-b4[data-kb-block=\"kb-adv-heading1887_f7b81b-b4\"] img.kb-inline-image{width:150px;vertical-align:baseline;}@media all and (max-width: 767px){.wp-block-kadence-advancedheading.kt-adv-heading1887_f7b81b-b4, .wp-block-kadence-advancedheading.kt-adv-heading1887_f7b81b-b4[data-kb-block=\"kb-adv-heading1887_f7b81b-b4\"]{font-size:80px;}}<\/style>\n<h1 class=\"kt-adv-heading1887_f7b81b-b4 wp-block-kadence-advancedheading\" data-kb-block=\"kb-adv-heading1887_f7b81b-b4\">\u00a1Regala aventura!<\/h1>\n\n\n\n<p>Las tarjetas de regalo para Treetop Trekking Miami son el regalo perfecto para esa persona dif\u00edcil de encontrar en tu lista.<\/p>\n\n\n\n<p>Nuestras tarjetas de regalo se pueden comprar por cualquier cantidad y se pueden utilizar para cualquiera de nuestras actividades de aventura.<\/p>\n\n\n\n<p>Compre la suya en l\u00ednea y env\u00edela por correo electr\u00f3nico a usted o al destinatario en cuesti\u00f3n de segundos.<\/p>\n\n\n<style>.wp-block-kadence-advancedbtn.kb-btns1887_eda6a9-d6{gap:var(--global-kb-gap-xs, 0.5rem );justify-content:flex-start;align-items:center;}.kt-btns1887_eda6a9-d6 .kt-button{font-weight:normal;font-style:normal;}<\/style>\n<div class=\"wp-block-kadence-advancedbtn kb-buttons-wrap kb-btns1887_eda6a9-d6\"><style>ul.menu .wp-block-kadence-advancedbtn .kb-btn1887_3bdf16-98.kb-button{width:initial;}.wp-block-kadence-advancedbtn .kb-btn1887_3bdf16-98.kb-button{font-family:Poppins;font-weight:700;}<\/style><a class=\"kb-button kt-button button kb-btn1887_3bdf16-98 kt-btn-size-standard kt-btn-width-type-auto kb-btn-global-inherit  kt-btn-has-text-true kt-btn-has-svg-false  wp-block-button__link wp-block-kadence-singlebtn\" href=\"https:\/\/fareharbor.com\/embeds\/book\/miamitreetoptrekking\/items\/402400\/?full-items=yes&#038;flow=801047\" target=\"_blank\" rel=\"noreferrer noopener\"><span class=\"kt-btn-inner-text\">COMPRAR AHORA<\/span><\/a><\/div>\n<\/div><\/div>\n\n\n<style>.kadence-column1887_0e4a03-c5 > .kt-inside-inner-col,.kadence-column1887_0e4a03-c5 > .kt-inside-inner-col:before{border-top-left-radius:0px;border-top-right-radius:0px;border-bottom-right-radius:0px;border-bottom-left-radius:0px;}.kadence-column1887_0e4a03-c5 > .kt-inside-inner-col{column-gap:var(--global-kb-gap-sm, 1rem);}.kadence-column1887_0e4a03-c5 > .kt-inside-inner-col{flex-direction:column;}.kadence-column1887_0e4a03-c5 > .kt-inside-inner-col > .aligncenter{width:100%;}.kadence-column1887_0e4a03-c5 > .kt-inside-inner-col:before{opacity:0.3;}.kadence-column1887_0e4a03-c5{position:relative;}@media all and (max-width: 1024px){.kadence-column1887_0e4a03-c5 > .kt-inside-inner-col{flex-direction:column;justify-content:center;}}@media all and (max-width: 767px){.kadence-column1887_0e4a03-c5 > .kt-inside-inner-col{flex-direction:column;justify-content:center;}}<\/style>\n<div class=\"wp-block-kadence-column kadence-column1887_0e4a03-c5 inner-column-1\" data-aos=\"fade\" data-aos-duration=\"1500\"><div class=\"kt-inside-inner-col\"><style>.kb-image1887_9d0129-1d .kb-image-has-overlay:after{opacity:0.3;}<\/style>\n<figure class=\"wp-block-kadence-image kb-image1887_9d0129-1d size-large\"><img loading=\"lazy\" decoding=\"async\" width=\"1024\" height=\"684\" src=\"https:\/\/miamitreetoptrekking.com\/wp-content\/uploads\/2023\/10\/209fb53d30b9659e36391eb0cf5db4a4-xxlarge-1024x684.jpg\" alt=\"\" class=\"kb-img wp-image-2014\" srcset=\"https:\/\/miamitreetoptrekking.com\/wp-content\/uploads\/2023\/10\/209fb53d30b9659e36391eb0cf5db4a4-xxlarge-1024x684.jpg 1024w, https:\/\/miamitreetoptrekking.com\/wp-content\/uploads\/2023\/10\/209fb53d30b9659e36391eb0cf5db4a4-xxlarge-300x200.jpg 300w, https:\/\/miamitreetoptrekking.com\/wp-content\/uploads\/2023\/10\/209fb53d30b9659e36391eb0cf5db4a4-xxlarge-768x513.jpg 768w, https:\/\/miamitreetoptrekking.com\/wp-content\/uploads\/2023\/10\/209fb53d30b9659e36391eb0cf5db4a4-xxlarge-1536x1025.jpg 1536w, https:\/\/miamitreetoptrekking.com\/wp-content\/uploads\/2023\/10\/209fb53d30b9659e36391eb0cf5db4a4-xxlarge.jpg 1600w\" sizes=\"auto, (max-width: 1024px) 100vw, 1024px\" \/><\/figure>\n<\/div><\/div>\n\n<\/div><\/div>","protected":false},"excerpt":{"rendered":"<p>\u00a1Regala aventura! Las tarjetas de regalo para Treetop Trekking Miami son el regalo perfecto para esa persona dif\u00edcil de encontrar en tu lista. Nuestras tarjetas de regalo se pueden comprar por cualquier cantidad y se pueden utilizar para cualquiera de nuestras actividades de aventura. Compre la suya en l\u00ednea y env\u00edela por correo electr\u00f3nico a&#8230;<\/p>\n","protected":false},"author":1,"featured_media":2015,"parent":0,"menu_order":0,"comment_status":"closed","ping_status":"closed","template":"","meta":{"inline_featured_image":false,"_kad_blocks_custom_css":"","_kad_blocks_head_custom_js":"","_kad_blocks_body_custom_js":"","_kad_blocks_footer_custom_js":"","_kad_post_transparent":"","_kad_post_title":"","_kad_post_layout":"","_kad_post_sidebar_id":"","_kad_post_content_style":"","_kad_post_vertical_padding":"","_kad_post_feature":"","_kad_post_feature_position":"","_kad_post_header":false,"_kad_post_footer":false,"_kad_post_classname":"","footnotes":""},"class_list":["post-2333","page","type-page","status-publish","has-post-thumbnail","hentry"],"taxonomy_info":[],"featured_image_src_large":["https:\/\/miamitreetoptrekking.com\/wp-content\/uploads\/2023\/10\/209fb53d30b9659e36391eb0cf5db4a4-xxlarge-1024x684.jpg",1024,684,true],"author_info":{"display_name":"mbourgeault","author_link":"https:\/\/miamitreetoptrekking.com\/es\/author\/mbourgeault\/"},"comment_info":0,"publishpress_future_action":{"enabled":false,"date":"2026-05-01 08:49:52","action":"change-status","newStatus":"draft","terms":[],"taxonomy":"translation_priority","extraData":[]},"publishpress_future_workflow_manual_trigger":{"enabledWorkflows":[]},"_links":{"self":[{"href":"https:\/\/miamitreetoptrekking.com\/es\/wp-json\/wp\/v2\/pages\/2333","targetHints":{"allow":["GET"]}}],"collection":[{"href":"https:\/\/miamitreetoptrekking.com\/es\/wp-json\/wp\/v2\/pages"}],"about":[{"href":"https:\/\/miamitreetoptrekking.com\/es\/wp-json\/wp\/v2\/types\/page"}],"author":[{"embeddable":true,"href":"https:\/\/miamitreetoptrekking.com\/es\/wp-json\/wp\/v2\/users\/1"}],"replies":[{"embeddable":true,"href":"https:\/\/miamitreetoptrekking.com\/es\/wp-json\/wp\/v2\/comments?post=2333"}],"version-history":[{"count":2,"href":"https:\/\/miamitreetoptrekking.com\/es\/wp-json\/wp\/v2\/pages\/2333\/revisions"}],"predecessor-version":[{"id":2430,"href":"https:\/\/miamitreetoptrekking.com\/es\/wp-json\/wp\/v2\/pages\/2333\/revisions\/2430"}],"wp:featuredmedia":[{"embeddable":true,"href":"https:\/\/miamitreetoptrekking.com\/es\/wp-json\/wp\/v2\/media\/2015"}],"wp:attachment":[{"href":"https:\/\/miamitreetoptrekking.com\/es\/wp-json\/wp\/v2\/media?parent=2333"}],"curies":[{"name":"wp","href":"https:\/\/api.w.org\/{rel}","templated":true}]}}