{"id":2322,"date":"2023-10-02T13:10:25","date_gmt":"2023-10-02T17:10:25","guid":{"rendered":"https:\/\/miamitreetoptrekking.com\/inclemencias-del-tiempo\/"},"modified":"2026-03-26T12:27:33","modified_gmt":"2026-03-26T16:27:33","slug":"inclemencias-del-tiempo","status":"publish","type":"page","link":"https:\/\/miamitreetoptrekking.com\/es\/inclemencias-del-tiempo\/","title":{"rendered":"Inclemencias del tiempo"},"content":{"rendered":"<style>.kb-row-layout-wrap.wp-block-kadence-rowlayout.kb-row-layout-id1975_307530-2f{margin-top:0px;margin-bottom:0px;}.kb-row-layout-id1975_307530-2f > .kt-row-column-wrap{align-content:start;}:where(.kb-row-layout-id1975_307530-2f > .kt-row-column-wrap) > .wp-block-kadence-column{justify-content:start;}.kb-row-layout-id1975_307530-2f > .kt-row-column-wrap{column-gap:var(--global-kb-gap-md, 2rem);row-gap:var(--global-kb-gap-md, 2rem);max-width:var( --global-content-width, 1800px );padding-left:var(--global-content-edge-padding);padding-right:var(--global-content-edge-padding);padding-top:10%;padding-bottom:8%;grid-template-columns:minmax(0, 1fr);}.kb-row-layout-id1975_307530-2f > .kt-row-layout-overlay{opacity:0.30;}@media all and (max-width: 1024px){.kb-row-layout-id1975_307530-2f > .kt-row-column-wrap{padding-bottom:12%;grid-template-columns:minmax(0, 1fr);}}@media all and (max-width: 767px){.kb-row-layout-id1975_307530-2f > .kt-row-column-wrap{padding-right:0%;padding-left:0%;grid-template-columns:minmax(0, 1fr);}}.kb-row-layout-id1975_307530-2f .wp-block-kadence-pane:last-child {\r    border-bottom: 1px solid;\r}<\/style><div class=\"kb-row-layout-wrap kb-row-layout-id1975_307530-2f alignnone resp wp-block-kadence-rowlayout\" id=\"rules\"><div class=\"kt-row-column-wrap kt-has-1-columns kt-row-layout-equal kt-tab-layout-inherit kt-mobile-layout-row kt-row-valign-top kb-theme-content-width\">\n<style>.kadence-column1975_2c8d6f-8d > .kt-inside-inner-col,.kadence-column1975_2c8d6f-8d > .kt-inside-inner-col:before{border-top-left-radius:0px;border-top-right-radius:0px;border-bottom-right-radius:0px;border-bottom-left-radius:0px;}.kadence-column1975_2c8d6f-8d > .kt-inside-inner-col{column-gap:var(--global-kb-gap-sm, 1rem);}.kadence-column1975_2c8d6f-8d > .kt-inside-inner-col{flex-direction:column;}.kadence-column1975_2c8d6f-8d > .kt-inside-inner-col > .aligncenter{width:100%;}.kadence-column1975_2c8d6f-8d > .kt-inside-inner-col:before{opacity:0.3;}.kadence-column1975_2c8d6f-8d{position:relative;}@media all and (max-width: 1024px){.kadence-column1975_2c8d6f-8d > .kt-inside-inner-col{flex-direction:column;justify-content:center;}}@media all and (max-width: 767px){.kadence-column1975_2c8d6f-8d > .kt-inside-inner-col{flex-direction:column;justify-content:center;}}<\/style>\n<div class=\"wp-block-kadence-column kadence-column1975_2c8d6f-8d inner-column-1\" data-aos=\"fade\" data-aos-duration=\"1500\"><div class=\"kt-inside-inner-col\"><style>.wp-block-kadence-advancedheading.kt-adv-heading1975_54b3de-2e, .wp-block-kadence-advancedheading.kt-adv-heading1975_54b3de-2e[data-kb-block=\"kb-adv-heading1975_54b3de-2e\"]{font-weight:400;font-style:normal;}.wp-block-kadence-advancedheading.kt-adv-heading1975_54b3de-2e mark.kt-highlight, .wp-block-kadence-advancedheading.kt-adv-heading1975_54b3de-2e[data-kb-block=\"kb-adv-heading1975_54b3de-2e\"] mark.kt-highlight{font-style:normal;color:#f76a0c;-webkit-box-decoration-break:clone;box-decoration-break:clone;padding-top:0px;padding-right:0px;padding-bottom:0px;padding-left:0px;}.wp-block-kadence-advancedheading.kt-adv-heading1975_54b3de-2e img.kb-inline-image, .wp-block-kadence-advancedheading.kt-adv-heading1975_54b3de-2e[data-kb-block=\"kb-adv-heading1975_54b3de-2e\"] img.kb-inline-image{width:150px;vertical-align:baseline;}<\/style>\n<h2 class=\"kt-adv-heading1975_54b3de-2e wp-block-kadence-advancedheading\" data-kb-block=\"kb-adv-heading1975_54b3de-2e\">Inclemencias del tiempo<\/h2>\n\n\n\n<p><strong>\u00bfQU\u00c9 SON LAS INCLEMENCIAS DEL TIEMPO?<\/strong><\/p>\n\n\n\n<p>Las inclemencias del tiempo pueden ser condiciones clim\u00e1ticas extremas, desde fuertes lluvias o vientos hasta calor intenso. Antes de llegar a tu destino, te recomendamos que consultes los informes meteorol\u00f3gicos locales para obtener noticias e informaci\u00f3n sobre el clima espec\u00edfico de ese d\u00eda.<\/p>\n\n\n\n<p>Si, por alguna raz\u00f3n, las condiciones clim\u00e1ticas se deterioran activamente, Treetop Trekking Miami Adventures se reserva el derecho de cerrar y posponer cualquier admisi\u00f3n en curso por razones de seguridad de nuestro personal y clientes.<\/p>\n\n\n\n<p>Las condiciones clim\u00e1ticas cambian constantemente, y en caso de que impliquen un peligro, el personal de la instalaci\u00f3n har\u00e1 un anuncio para que todos los participantes interrumpan el recorrido y regresen al edificio principal.<\/p>\n\n\n\n<p>POL\u00cdTICA Y PROCEDIMIENTOS EN CASO DE MAL TIEMPO<\/p>\n\n\n\n<p>NO SE REEMBOLSAR\u00c1 EL DINERO, NI SE CONCEDER\u00c1 UN \u201cCUP\u00d3N CANJEABLE\u201d, NI SE PODR\u00c1 VOLVER A TERMINAR EL RECORRIDO OTRO D\u00cdA SI EL PARTICIPANTE NO PUEDE HACERLO DEBIDO A CONDICIONES METEOROL\u00d3GICAS O CUALQUIER OTRA RAZ\u00d3N<\/p>\n\n\n\n<p>QU\u00c9 PUEDES HACER ANTES DE TU EVENTO<\/p>\n\n\n\n<p>1. Llama antes de salir para verificar las condiciones clim\u00e1ticas en el parque<\/p>\n\n\n\n<p>2. Si te preocupa que las condiciones clim\u00e1ticas interfieran con tu evento, te ayudaremos<\/p>\n\n\n\n<p>3. Haz tu investigaci\u00f3n: comprueba el informe meteorol\u00f3gico local 2 o 3 d\u00edas antes de tu evento<\/p>\n\n\n\n<p>PROCEDIMIENTO EN CASO DE CAMBIOS CLIM\u00c1TICOS REPENTINOS<\/p>\n\n\n\n<p>1. El personal de las instalaciones supervisar\u00e1 las condiciones meteorol\u00f3gicas antes y durante tu evento, para garantizar que tengas una experiencia positiva y segura<\/p>\n\n\n\n<p>2. Si las condiciones meteorol\u00f3gicas se deterioran hasta un nivel inseguro, se pedir\u00e1 a todos los participantes que salgan del terreno y se trasladen a una zona segura<\/p>\n\n\n\n<p>3. El personal y la direcci\u00f3n de las instalaciones se asegurar\u00e1n de que todo el equipo suelto est\u00e9 asegurado, y de que todos los participantes sean reubicados de forma segura.<\/p>\n\n\n\n<p>Gesti\u00f3n de riesgos proporcionada por Paris-Kirwan Associates, Inc.<\/p>\n<\/div><\/div>\n\n<\/div><\/div>","protected":false},"excerpt":{"rendered":"<p>Inclemencias del tiempo \u00bfQU\u00c9 SON LAS INCLEMENCIAS DEL TIEMPO? Las inclemencias del tiempo pueden ser condiciones clim\u00e1ticas extremas, desde fuertes lluvias o vientos hasta calor intenso. Antes de llegar a tu destino, te recomendamos que consultes los informes meteorol\u00f3gicos locales para obtener noticias e informaci\u00f3n sobre el clima espec\u00edfico de ese d\u00eda. Si, por alguna&#8230;<\/p>\n","protected":false},"author":1,"featured_media":0,"parent":0,"menu_order":0,"comment_status":"closed","ping_status":"closed","template":"","meta":{"inline_featured_image":false,"_kad_blocks_custom_css":"","_kad_blocks_head_custom_js":"","_kad_blocks_body_custom_js":"","_kad_blocks_footer_custom_js":"","_kad_post_transparent":"","_kad_post_title":"","_kad_post_layout":"","_kad_post_sidebar_id":"","_kad_post_content_style":"","_kad_post_vertical_padding":"","_kad_post_feature":"","_kad_post_feature_position":"","_kad_post_header":false,"_kad_post_footer":false,"_kad_post_classname":"","footnotes":""},"class_list":["post-2322","page","type-page","status-publish","hentry"],"taxonomy_info":[],"featured_image_src_large":false,"author_info":{"display_name":"mbourgeault","author_link":"https:\/\/miamitreetoptrekking.com\/es\/author\/mbourgeault\/"},"comment_info":0,"publishpress_future_action":{"enabled":false,"date":"2026-05-01 10:24:24","action":"change-status","newStatus":"draft","terms":[],"taxonomy":"translation_priority","extraData":[]},"publishpress_future_workflow_manual_trigger":{"enabledWorkflows":[]},"_links":{"self":[{"href":"https:\/\/miamitreetoptrekking.com\/es\/wp-json\/wp\/v2\/pages\/2322","targetHints":{"allow":["GET"]}}],"collection":[{"href":"https:\/\/miamitreetoptrekking.com\/es\/wp-json\/wp\/v2\/pages"}],"about":[{"href":"https:\/\/miamitreetoptrekking.com\/es\/wp-json\/wp\/v2\/types\/page"}],"author":[{"embeddable":true,"href":"https:\/\/miamitreetoptrekking.com\/es\/wp-json\/wp\/v2\/users\/1"}],"replies":[{"embeddable":true,"href":"https:\/\/miamitreetoptrekking.com\/es\/wp-json\/wp\/v2\/comments?post=2322"}],"version-history":[{"count":1,"href":"https:\/\/miamitreetoptrekking.com\/es\/wp-json\/wp\/v2\/pages\/2322\/revisions"}],"predecessor-version":[{"id":2323,"href":"https:\/\/miamitreetoptrekking.com\/es\/wp-json\/wp\/v2\/pages\/2322\/revisions\/2323"}],"wp:attachment":[{"href":"https:\/\/miamitreetoptrekking.com\/es\/wp-json\/wp\/v2\/media?parent=2322"}],"curies":[{"name":"wp","href":"https:\/\/api.w.org\/{rel}","templated":true}]}}