{"id":2320,"date":"2023-10-02T13:16:11","date_gmt":"2023-10-02T17:16:11","guid":{"rendered":"https:\/\/miamitreetoptrekking.com\/rules-and-regulations\/"},"modified":"2026-03-26T12:45:39","modified_gmt":"2026-03-26T16:45:39","slug":"normas-y-reglamentos","status":"publish","type":"page","link":"https:\/\/miamitreetoptrekking.com\/es\/normas-y-reglamentos\/","title":{"rendered":"Normas y reglamentos"},"content":{"rendered":"<style>.kb-row-layout-wrap.wp-block-kadence-rowlayout.kb-row-layout-id2320_bbe3da-b8{margin-top:0px;margin-bottom:0px;}.kb-row-layout-id2320_bbe3da-b8 > .kt-row-column-wrap{align-content:start;}:where(.kb-row-layout-id2320_bbe3da-b8 > .kt-row-column-wrap) > .wp-block-kadence-column{justify-content:start;}.kb-row-layout-id2320_bbe3da-b8 > .kt-row-column-wrap{column-gap:var(--global-kb-gap-md, 2rem);row-gap:var(--global-kb-gap-md, 2rem);max-width:var( --global-content-width, 1800px );padding-left:var(--global-content-edge-padding);padding-right:var(--global-content-edge-padding);padding-top:10%;padding-bottom:8%;grid-template-columns:minmax(0, 1fr);}.kb-row-layout-id2320_bbe3da-b8 > .kt-row-layout-overlay{opacity:0.30;}@media all and (max-width: 1024px){.kb-row-layout-id2320_bbe3da-b8 > .kt-row-column-wrap{padding-bottom:12%;grid-template-columns:minmax(0, 1fr);}}@media all and (max-width: 767px){.kb-row-layout-id2320_bbe3da-b8 > .kt-row-column-wrap{padding-right:0%;padding-left:0%;grid-template-columns:minmax(0, 1fr);}}.kb-row-layout-id2320_bbe3da-b8 .wp-block-kadence-pane:last-child {\r    border-bottom: 1px solid;\r}<\/style><div class=\"kb-row-layout-wrap kb-row-layout-id2320_bbe3da-b8 alignnone resp wp-block-kadence-rowlayout\" id=\"rules\"><div class=\"kt-row-column-wrap kt-has-1-columns kt-row-layout-equal kt-tab-layout-inherit kt-mobile-layout-row kt-row-valign-top kb-theme-content-width\">\n<style>.kadence-column2320_1d1430-c5 > .kt-inside-inner-col{display:flex;}.kadence-column2320_1d1430-c5 > .kt-inside-inner-col{padding-top:0%;padding-right:3%;padding-left:0%;}.kadence-column2320_1d1430-c5 > .kt-inside-inner-col,.kadence-column2320_1d1430-c5 > .kt-inside-inner-col:before{border-top-left-radius:0px;border-top-right-radius:0px;border-bottom-right-radius:0px;border-bottom-left-radius:0px;}.kadence-column2320_1d1430-c5 > .kt-inside-inner-col{column-gap:var(--global-kb-gap-sm, 1rem);}.kadence-column2320_1d1430-c5 > .kt-inside-inner-col{flex-direction:column;justify-content:flex-start;}.kadence-column2320_1d1430-c5 > .kt-inside-inner-col > .aligncenter{width:100%;}.kt-row-column-wrap > .kadence-column2320_1d1430-c5{align-self:flex-start;}.kt-inner-column-height-full:not(.kt-has-1-columns) > .wp-block-kadence-column.kadence-column2320_1d1430-c5{align-self:auto;}.kt-inner-column-height-full:not(.kt-has-1-columns) > .wp-block-kadence-column.kadence-column2320_1d1430-c5 > .kt-inside-inner-col{flex-direction:column;justify-content:flex-start;}.kadence-column2320_1d1430-c5 > .kt-inside-inner-col:before{opacity:0.3;}.kadence-column2320_1d1430-c5{position:relative;}@media all and (max-width: 1024px){.kt-row-column-wrap > .kadence-column2320_1d1430-c5{align-self:flex-start;}}@media all and (max-width: 1024px){.kt-inner-column-height-full:not(.kt-has-1-columns) > .wp-block-kadence-column.kadence-column2320_1d1430-c5{align-self:auto;}}@media all and (max-width: 1024px){.kt-inner-column-height-full:not(.kt-has-1-columns) > .wp-block-kadence-column.kadence-column2320_1d1430-c5 > .kt-inside-inner-col{flex-direction:column;justify-content:flex-start;}}@media all and (max-width: 1024px){.kadence-column2320_1d1430-c5 > .kt-inside-inner-col{flex-direction:column;justify-content:flex-start;}}@media all and (max-width: 767px){.kt-row-column-wrap > .kadence-column2320_1d1430-c5{align-self:flex-start;}.kt-inner-column-height-full:not(.kt-has-1-columns) > .wp-block-kadence-column.kadence-column2320_1d1430-c5{align-self:auto;}.kt-inner-column-height-full:not(.kt-has-1-columns) > .wp-block-kadence-column.kadence-column2320_1d1430-c5 > .kt-inside-inner-col{flex-direction:column;justify-content:flex-start;}.kadence-column2320_1d1430-c5 > .kt-inside-inner-col{flex-direction:column;justify-content:flex-start;}}<\/style>\n<div class=\"wp-block-kadence-column kadence-column2320_1d1430-c5 inner-column-2\" data-aos=\"fade\" data-aos-duration=\"1500\"><div class=\"kt-inside-inner-col\"><style>.wp-block-kadence-advancedheading.kt-adv-heading2320_9027fa-43, .wp-block-kadence-advancedheading.kt-adv-heading2320_9027fa-43[data-kb-block=\"kb-adv-heading2320_9027fa-43\"]{font-weight:400;font-style:normal;}.wp-block-kadence-advancedheading.kt-adv-heading2320_9027fa-43 mark.kt-highlight, .wp-block-kadence-advancedheading.kt-adv-heading2320_9027fa-43[data-kb-block=\"kb-adv-heading2320_9027fa-43\"] mark.kt-highlight{font-style:normal;color:#f76a0c;-webkit-box-decoration-break:clone;box-decoration-break:clone;padding-top:0px;padding-right:0px;padding-bottom:0px;padding-left:0px;}.wp-block-kadence-advancedheading.kt-adv-heading2320_9027fa-43 img.kb-inline-image, .wp-block-kadence-advancedheading.kt-adv-heading2320_9027fa-43[data-kb-block=\"kb-adv-heading2320_9027fa-43\"] img.kb-inline-image{width:150px;vertical-align:baseline;}<\/style>\n<h2 class=\"kt-adv-heading2320_9027fa-43 wp-block-kadence-advancedheading\" data-kb-block=\"kb-adv-heading2320_9027fa-43\">Normas y reglamentos<\/h2>\n\n\n\n<p><strong>C\u00f3digo de Responsabilidad del Curso de Tirolina y Aventura<\/strong><\/p>\n\n\n\n<p>La siguiente es una lista de las expectativas que todos los hu\u00e9spedes y participantes est\u00e1n obligados a observar, los que se encuentran en violaci\u00f3n de estas expectativas recibir\u00e1n sanciones hasta e incluyendo la prohibici\u00f3n temporal o permanente de las instalaciones.<\/p>\n\n\n\n<p>AL PARTICIPAR COMO ESPECTADOR O PARTICIPANTE EN LAS ACTIVIDADES DE LAS INSTALACIONES, USTED ASUME TODOS LOS RIESGOS Y RESPONSABILIDADES INHERENTES AL HACERLO Y, POR LO TANTO, PARTICIPA BAJO SU PROPIA RESPONSABILIDAD.<\/p>\n\n\n\n<p>\u2022 Todos los participantes deber\u00e1n cumplimentar el correspondiente \u201cDescargo y exenci\u00f3n de responsabilidad\u201d antes de participar.<\/p>\n\n\n\n<p>\u2022 Se permite la participaci\u00f3n de cualquier persona que cumpla estas condiciones:<\/p>\n\n\n\n<p>\u2022 Curso para ni\u00f1os: Mayores de 5 a\u00f1os, Curso para adultos: Mayores de 9 a\u00f1os<\/p>\n\n\n\n<p>\u2022 El peso m\u00e1ximo por participante no debe superar las 275 libras.<\/p>\n\n\n\n<p>\u2022 Altura m\u00ednima por participante: Curso infantil: 45\u201c, Curso para adultos: 55\u201d.<\/p>\n\n\n\n<p>\u2022 La cintura m\u00e1xima para el arn\u00e9s es de 52\u2033.<\/p>\n\n\n\n<p>\u2022 El tama\u00f1o m\u00e1ximo del muslo es de 30\u2033.<\/p>\n\n\n\n<p>\u2022 Los menores de 18 a\u00f1os deben tener un padre\/tutor que firme el formulario de autorizaci\u00f3n.<\/p>\n\n\n\n<p>\u2022 Los menores de 12 a\u00f1os deben ir acompa\u00f1ados de uno de sus padres o tutor (desde el suelo) durante todo el recorrido.<\/p>\n\n\n\n<p>\u2022 Recogerse el pelo largo, recogerse los collares y quitarse los pendientes de aro o colgantes y todas las joyas sueltas.<\/p>\n\n\n\n<p>\u2022 No se permite el uso de chicles, tabaco u otros objetos que puedan provocar asfixia.<\/p>\n\n\n\n<p>\u2022 Abstenerse de comer o beber durante la participaci\u00f3n en la tirolina.<\/p>\n\n\n\n<p>\u2022 Se requiere el uso de equipo de seguridad adecuado en todo momento durante la participaci\u00f3n, NO EQUIPO PERSONAL<\/p>\n\n\n\n<p>\u2022 Los participantes estar\u00e1n conectados a las l\u00edneas de seguridad en todo momento.<\/p>\n\n\n\n<p>\u2022 SE REQUIERE CALZADO CERRADO Y SEGURO (NO SANDALIAS, CHANCLAS, CROCS, CHANCLAS, ZAPATOS DE CINCO DEDOS, TACONES GRANDES, ETC.)<\/p>\n\n\n\n<p>\u2022 Las MUJERES EMBARAZADAS tienen expresamente prohibido acudir a cualquier curso<\/p>\n\n\n\n<p>\u2022 IMPORTANTE: Si tiene antecedentes de convulsiones o epilepsia, problemas card\u00edacos, articulaciones dislocadas anteriormente, lesi\u00f3n de espalda\/cuello\/cabeza, enfermedad o lesi\u00f3n reciente, u otra afecci\u00f3n m\u00e9dica que pudiera agravarse con una actividad f\u00edsica extenuante, NO debe participar en los cursos de aventura de Treetop Trekking Miami. SU SEGURIDAD ES NUESTRA PRIMERA PREOCUPACI\u00d3N<\/p>\n\n\n\n<p>\u2022 Los participantes estar\u00e1n conectados a los cables en todo momento, mientras participan<\/p>\n\n\n\n<p>\u2022 Antes de entrar en el curso se proporcionar\u00e1n instrucciones de conducci\u00f3n y manejo seguros<\/p>\n\n\n\n<p>\u2022 Su arn\u00e9s debe ser colocado y ajustado por un instructor<\/p>\n\n\n\n<p>\u2022 Abstenerse de entrar en los recorridos hasta que lo permita un instructor<\/p>\n\n\n\n<p>\u2022 Lea y respete todas las se\u00f1ales y advertencias y coopere con el personal de las instalaciones.<\/p>\n\n\n\n<p>\u2022 NO se permite ning\u00fan tipo de lenguaje o acto abusivo en las instalaciones.<\/p>\n\n\n\n<p>\u2022 Debe mostrar respeto y cortes\u00eda hacia los dem\u00e1s, no se tolerar\u00e1 ning\u00fan tipo de lenguaje o comportamiento abusivo.<\/p>\n\n\n\n<p>\u2022 El centro no se hace responsable de los objetos perdidos, robados o da\u00f1ados.<\/p>\n\n\n\n<p>\u2022 Informe al personal del centro si toma alg\u00fan medicamento con receta que pueda afectar a su capacidad para participar.<\/p>\n\n\n\n<p>\u2022 Abst\u00e9ngase de participar bajo la influencia de drogas o alcohol; la participaci\u00f3n puede ser denegada si un instructor o miembro del personal sospecha que usted est\u00e1 bajo la influencia de drogas o alcohol.<\/p>\n\n\n\n<p>\u2022 Se proh\u00edbe la entrada al campo a toda persona que haya ingerido bebidas alcoh\u00f3licas o est\u00e9 tomando medicamentos u otras sustancias que puedan afectar a su capacidad de rendimiento en el campo. NO HABR\u00c1 REEMBOLSOS SI EL PERSONAL SE PERCATA DE QUE SE ENCUENTRA BAJO LOS EFECTOS DEL ALCOHOL DESPU\u00c9S DE ADQUIRIR LA ENTRADA<\/p>\n\n\n\n<p>\u2022 No habr\u00e1 reembolsos despu\u00e9s de haber realizado la sesi\u00f3n informativa de seguridad<\/p>\n\n\n\n<p>\u2022 Nos reservamos el derecho de admisi\u00f3n o de expulsar del recorrido a cualquier persona que haga caso omiso de las normas de seguridad o que, a juicio de nuestro personal, no sea capaz de realizar el recorrido de forma segura. NO HABR\u00c1 REEMBOLSOS si se requiere tal acci\u00f3n.<\/p>\n\n\n\n<p>\u2022 AVISO CLIMATOL\u00d3GICO: En caso de inclemencias meteorol\u00f3gicas, todos los participantes deber\u00e1n abandonar el recorrido inmediatamente y refugiarse. Para m\u00e1s informaci\u00f3n, consulte los \u00abProcedimientos en caso de inclemencias meteorol\u00f3gicas\u00bb.<\/p>\n\n\n\n<p>\u2022 NO SE ADMITEN REEMBOLSOS, CHEQUES DE LLUVIA NI DEVOLUCIONES PARA TERMINAR EL RECORRIDO SI \u00c9STE EST\u00c1 CERRADO POR PROBLEMAS METEOROL\u00d3GICOS<\/p>\n\n\n\n<p>La duraci\u00f3n normal del recorrido para adultos es 2 horas. No debes seguir usando la instalaci\u00f3n o continuar participando si descubres alguna condici\u00f3n peligrosa y defectuosa, y debes informar inmediatamente de la misma a la administraci\u00f3n de la instalaci\u00f3n. El personal de la instalaci\u00f3n puede expulsar a los usuarios o negar la entrada a cualquier persona que viole estas expectativas, o las leyes. Cualquier lesi\u00f3n o violaci\u00f3n debe ser reportada al Gerente de la Instalaci\u00f3n, o al Gerente de Turno, inmediatamente.<br><br>Gesti\u00f3n de riesgos proporcionada por: Paris-Kirwan Associates, Inc.<\/p>\n<\/div><\/div>\n\n<\/div><\/div>","protected":false},"excerpt":{"rendered":"<p>Normas y reglamentos C\u00f3digo de Responsabilidad del Curso de Tirolina y Aventura La siguiente es una lista de las expectativas que todos los hu\u00e9spedes y participantes est\u00e1n obligados a observar, los que se encuentran en violaci\u00f3n de estas expectativas recibir\u00e1n sanciones hasta e incluyendo la prohibici\u00f3n temporal o permanente de las instalaciones. AL PARTICIPAR COMO&#8230;<\/p>\n","protected":false},"author":1,"featured_media":2239,"parent":0,"menu_order":0,"comment_status":"closed","ping_status":"closed","template":"","meta":{"inline_featured_image":false,"_kad_blocks_custom_css":"","_kad_blocks_head_custom_js":"","_kad_blocks_body_custom_js":"","_kad_blocks_footer_custom_js":"","_kad_post_transparent":"","_kad_post_title":"","_kad_post_layout":"","_kad_post_sidebar_id":"","_kad_post_content_style":"","_kad_post_vertical_padding":"","_kad_post_feature":"","_kad_post_feature_position":"","_kad_post_header":false,"_kad_post_footer":false,"_kad_post_classname":"","footnotes":""},"class_list":["post-2320","page","type-page","status-publish","has-post-thumbnail","hentry"],"taxonomy_info":[],"featured_image_src_large":["https:\/\/miamitreetoptrekking.com\/wp-content\/uploads\/2023\/10\/4M7A8256-1024x683.jpg",1024,683,true],"author_info":{"display_name":"mbourgeault","author_link":"https:\/\/miamitreetoptrekking.com\/es\/author\/mbourgeault\/"},"comment_info":0,"publishpress_future_action":{"enabled":false,"date":"2026-04-23 22:15:22","action":"change-status","newStatus":"draft","terms":[],"taxonomy":"translation_priority","extraData":[]},"publishpress_future_workflow_manual_trigger":{"enabledWorkflows":[]},"_links":{"self":[{"href":"https:\/\/miamitreetoptrekking.com\/es\/wp-json\/wp\/v2\/pages\/2320","targetHints":{"allow":["GET"]}}],"collection":[{"href":"https:\/\/miamitreetoptrekking.com\/es\/wp-json\/wp\/v2\/pages"}],"about":[{"href":"https:\/\/miamitreetoptrekking.com\/es\/wp-json\/wp\/v2\/types\/page"}],"author":[{"embeddable":true,"href":"https:\/\/miamitreetoptrekking.com\/es\/wp-json\/wp\/v2\/users\/1"}],"replies":[{"embeddable":true,"href":"https:\/\/miamitreetoptrekking.com\/es\/wp-json\/wp\/v2\/comments?post=2320"}],"version-history":[{"count":2,"href":"https:\/\/miamitreetoptrekking.com\/es\/wp-json\/wp\/v2\/pages\/2320\/revisions"}],"predecessor-version":[{"id":3439,"href":"https:\/\/miamitreetoptrekking.com\/es\/wp-json\/wp\/v2\/pages\/2320\/revisions\/3439"}],"wp:featuredmedia":[{"embeddable":true,"href":"https:\/\/miamitreetoptrekking.com\/es\/wp-json\/wp\/v2\/media\/2239"}],"wp:attachment":[{"href":"https:\/\/miamitreetoptrekking.com\/es\/wp-json\/wp\/v2\/media?parent=2320"}],"curies":[{"name":"wp","href":"https:\/\/api.w.org\/{rel}","templated":true}]}}